{"id":2355,"date":"2025-05-30T23:16:37","date_gmt":"2025-05-30T23:16:37","guid":{"rendered":"https:\/\/roadtalkz.com\/politika-e-privatesise\/"},"modified":"2025-06-10T12:16:45","modified_gmt":"2025-06-10T12:16:45","slug":"politika-e-privatesise","status":"publish","type":"page","link":"https:\/\/roadtalkz.com\/sq\/politika-e-privatesise\/","title":{"rendered":"Politika e Privat\u00ebsis\u00eb"},"content":{"rendered":"\t\t<div data-elementor-type=\"wp-page\" data-elementor-id=\"2355\" class=\"elementor elementor-2355 elementor-1223\" data-elementor-post-type=\"page\">\n\t\t\t\t<div class=\"elementor-element elementor-element-edfbdc1 e-flex e-con-boxed e-con e-parent\" data-id=\"edfbdc1\" data-element_type=\"container\" data-e-type=\"container\">\n\t\t\t\t\t<div class=\"e-con-inner\">\n\t\t\t\t<div class=\"elementor-element elementor-element-49c3fb4 elementor-widget elementor-widget-text-editor\" data-id=\"49c3fb4\" data-element_type=\"widget\" data-e-type=\"widget\" data-widget_type=\"text-editor.default\">\n\t\t\t\t<div class=\"elementor-widget-container\">\n\t\t\t\t\t\t\t\t\t<h2 data-start=\"183\" data-end=\"200\">Politika e Privat\u00ebsis\u00eb<\/h2><p data-start=\"202\" data-end=\"242\"><strong data-start=\"202\" data-end=\"221\">Data e hyrjes n\u00eb fuqi:<\/strong> 01.06.2025<\/p><p data-start=\"244\" data-end=\"499\">Kjo Politik\u00eb Privat\u00ebsie p\u00ebrshkruan se si <strong data-start=\"278\" data-end=\"297\">Road Talkz Inc.<\/strong> (\u201ene\u201c, \u201etona\u201c ose \u201eneve\u201c) mbledh, p\u00ebrdor dhe mbron informacionin tuaj personal kur p\u00ebrdorni faqen ton\u00eb t\u00eb internetit (<code data-start=\"402\" data-end=\"425\">https:\/\/roadtalkz.com<\/code> ), aplikacioni celular dhe sh\u00ebrbimet p\u00ebrkat\u00ebse (s\u00eb bashku, \u201eSh\u00ebrbimi\u201c).<\/p><p data-start=\"501\" data-end=\"569\">Duke p\u00ebrdorur Sh\u00ebrbimin, ju pranoni kushtet e k\u00ebsaj Politike Privat\u00ebsie.<\/p><hr data-start=\"571\" data-end=\"574\"><h3 data-start=\"576\" data-end=\"605\">1. Informacioni q\u00eb mbledhim<\/h3><p data-start=\"607\" data-end=\"662\">Ne mbledhim llojet e m\u00ebposhtme t\u00eb informacionit personal:<\/p><h4 data-start=\"664\" data-end=\"695\">a) <strong data-start=\"672\" data-end=\"695\">Informacioni i Llogaris\u00eb<\/strong><\/h4><ul data-start=\"696\" data-end=\"800\"><li data-start=\"696\" data-end=\"704\"><p data-start=\"698\" data-end=\"704\">Emri<\/p><\/li><li data-start=\"705\" data-end=\"722\"><p data-start=\"707\" data-end=\"722\">Adresa e email-it<\/p><\/li><li data-start=\"723\" data-end=\"769\"><p data-start=\"725\" data-end=\"769\">T\u00eb dh\u00ebnat e kontaktit (numri i telefonit n\u00ebse \u00ebsht\u00eb i dh\u00ebn\u00eb)<\/p><\/li><li data-start=\"770\" data-end=\"800\"><p data-start=\"772\" data-end=\"800\">Detajet e abonimit ose t\u00eb planit<\/p><\/li><\/ul><h4 data-start=\"802\" data-end=\"824\">b) <strong data-start=\"810\" data-end=\"824\">T\u00eb dh\u00ebnat e p\u00ebrdorimit<\/strong><\/h4><ul data-start=\"825\" data-end=\"939\"><li data-start=\"825\" data-end=\"867\"><p data-start=\"827\" data-end=\"867\">Faqet e shikuara dhe koha e kaluar n\u00eb aplikacion<\/p><\/li><li data-start=\"868\" data-end=\"906\"><p data-start=\"870\" data-end=\"906\">Nd\u00ebrveprimet me modulet e trajnimit<\/p><\/li><li data-start=\"907\" data-end=\"939\"><p data-start=\"909\" data-end=\"939\">T\u00eb dh\u00ebnat e progresit dhe rezultatet e testimit<\/p><\/li><\/ul><h4 data-start=\"941\" data-end=\"969\">c) <strong data-start=\"949\" data-end=\"969\">Regjistrime Z\u00ebri<\/strong><\/h4><ul data-start=\"970\" data-end=\"1057\"><li data-start=\"970\" data-end=\"1026\"><p data-start=\"972\" data-end=\"1026\">Skedar\u00ebt audio t\u00eb paraqitur gjat\u00eb ushtrimeve t\u00eb shqiptimit<\/p><\/li><li data-start=\"1027\" data-end=\"1057\"><p data-start=\"1029\" data-end=\"1057\">T\u00eb dh\u00ebnat e riprodhimit dhe vler\u00ebsimit<\/p><\/li><\/ul><h4 data-start=\"1059\" data-end=\"1094\">d) <strong data-start=\"1067\" data-end=\"1094\">Informacion mbi Pajisjen dhe Teknik\u00ebn<\/strong><\/h4><ul data-start=\"1095\" data-end=\"1179\"><li data-start=\"1095\" data-end=\"1109\"><p data-start=\"1097\" data-end=\"1109\">Adresa IP<\/p><\/li><li data-start=\"1110\" data-end=\"1132\"><p data-start=\"1112\" data-end=\"1132\">Lloji i pajisjes dhe sistemi operativ<\/p><\/li><li data-start=\"1133\" data-end=\"1148\"><p data-start=\"1135\" data-end=\"1148\">Versioni i aplikacionit<\/p><\/li><li data-start=\"1149\" data-end=\"1179\"><p data-start=\"1151\" data-end=\"1179\">Lloji i shfletuesit (p\u00ebr p\u00ebrdoruesit e internetit)<\/p><\/li><\/ul><hr data-start=\"1181\" data-end=\"1184\"><h3 data-start=\"1186\" data-end=\"1220\">2. Si e p\u00ebrdorim informacionin tuaj<\/h3><p data-start=\"1222\" data-end=\"1249\">Ne p\u00ebrdorim informacionin tuaj p\u00ebr t\u00eb:<\/p><ul data-start=\"1251\" data-end=\"1560\"><li data-start=\"1251\" data-end=\"1300\"><p data-start=\"1253\" data-end=\"1300\">Ofroni, personalizoni dhe p\u00ebrmir\u00ebsoni Sh\u00ebrbimin<\/p><\/li><li data-start=\"1301\" data-end=\"1344\"><p data-start=\"1303\" data-end=\"1344\">Ndiqni progresin dhe performanc\u00ebn e t\u00eb nx\u00ebnit<\/p><\/li><li data-start=\"1345\" data-end=\"1393\"><p data-start=\"1347\" data-end=\"1393\">Ofroni sh\u00ebrbime dhe p\u00ebrdit\u00ebsime q\u00eb lidhen me llogarin\u00eb<\/p><\/li><li data-start=\"1394\" data-end=\"1450\"><p data-start=\"1396\" data-end=\"1450\">Analizoni p\u00ebrdorimin dhe performanc\u00ebn (n\u00ebp\u00ebrmjet Google Analytics)<\/p><\/li><li data-start=\"1451\" data-end=\"1484\"><p data-start=\"1453\" data-end=\"1484\">P\u00ebrpunimi i pagesave (n\u00ebp\u00ebrmjet Stripe)<\/p><\/li><li data-start=\"1485\" data-end=\"1528\"><p data-start=\"1487\" data-end=\"1528\">Vler\u00ebso shqiptimin (n\u00ebp\u00ebrmjet OpenAI API)<\/p><\/li><li data-start=\"1529\" data-end=\"1560\"><p data-start=\"1531\" data-end=\"1560\">P\u00ebrmbushni detyrimet ligjore<\/p><\/li><\/ul><hr data-start=\"1562\" data-end=\"1565\"><h3 data-start=\"1567\" data-end=\"1586\">3. Ndarja e t\u00eb dh\u00ebnave<\/h3><p data-start=\"1588\" data-end=\"1671\">Ne <strong data-start=\"1594\" data-end=\"1601\">nuk<\/strong> i shesim t\u00eb dh\u00ebnat tuaja personale. Ne i ndajm\u00eb t\u00eb dh\u00ebnat vet\u00ebm sipas nevoj\u00ebs me: <\/p><ul data-start=\"1673\" data-end=\"1890\"><li data-start=\"1673\" data-end=\"1717\"><p data-start=\"1675\" data-end=\"1717\"><strong data-start=\"1675\" data-end=\"1685\">Stripe<\/strong> p\u00ebr p\u00ebrpunim t\u00eb sigurt t\u00eb pagesave<\/p><\/li><li data-start=\"1718\" data-end=\"1765\"><p data-start=\"1720\" data-end=\"1765\"><strong data-start=\"1720\" data-end=\"1730\">OpenAI<\/strong> p\u00ebr analiz\u00ebn e shqiptimit t\u00eb z\u00ebrit<\/p><\/li><li data-start=\"1766\" data-end=\"1825\"><p data-start=\"1768\" data-end=\"1825\"><strong data-start=\"1768\" data-end=\"1788\">Google Analytics<\/strong> p\u00ebr statistika t\u00eb performanc\u00ebs dhe p\u00ebrdorimit<\/p><\/li><li data-start=\"1826\" data-end=\"1890\"><p data-start=\"1828\" data-end=\"1890\">Sh\u00ebrbimet e email-it p\u00ebr komunikimin me p\u00ebrdoruesit (p.sh., raportet e progresit)<\/p><\/li><\/ul><p data-start=\"1892\" data-end=\"1974\">K\u00ebta ofrues jan\u00eb t\u00eb detyruar me kontrat\u00eb t\u00eb p\u00ebrdorin t\u00eb dh\u00ebnat tuaja vet\u00ebm sipas udh\u00ebzimeve tona.<\/p><hr data-start=\"1976\" data-end=\"1979\"><h3 data-start=\"1981\" data-end=\"2011\">4. T\u00eb Drejtat dhe Zgjedhjet Tuaja<\/h3><h4 data-start=\"2013\" data-end=\"2044\">a) <strong data-start=\"2021\" data-end=\"2044\">Qasja dhe Korrigjimi<\/strong><\/h4><p data-start=\"2045\" data-end=\"2122\">Mund t\u00eb shikoni ose p\u00ebrdit\u00ebsoni informacionin e llogaris\u00eb suaj p\u00ebrmes aplikacionit ose duke na kontaktuar.<\/p><h4 data-start=\"2124\" data-end=\"2152\">b) <strong data-start=\"2132\" data-end=\"2152\">Fshirja e llogaris\u00eb<\/strong><\/h4><p data-start=\"2153\" data-end=\"2312\">Mund ta fshini llogarin\u00eb tuaj n\u00eb \u00e7do koh\u00eb. Pas fshirjes, t\u00eb dh\u00ebnat tuaja personale dhe regjistrimet zanore t\u00eb lidhura me to do t\u00eb hiqen, p\u00ebrve\u00e7 rasteve kur ruajtja e tyre k\u00ebrkohet me ligj. <\/p><h4 data-start=\"2314\" data-end=\"2343\">c) <strong data-start=\"2322\" data-end=\"2343\">Preferencat e Email-it<\/strong><\/h4><p data-start=\"2344\" data-end=\"2433\">Mund t\u00eb \u00e7regjistroheni nga emailet jo thelb\u00ebsore duke p\u00ebrdorur lidhjen e \u00e7regjistrimit ose duke kontaktuar mb\u00ebshtetjen.<\/p><hr data-start=\"2435\" data-end=\"2438\"><h3 data-start=\"2440\" data-end=\"2465\">5. Privat\u00ebsia e F\u00ebmij\u00ebve<\/h3><p data-start=\"2467\" data-end=\"2607\">Sh\u00ebrbimi nuk \u00ebsht\u00eb i destinuar p\u00ebr p\u00ebrdorues n\u00ebn mosh\u00ebn 13 vje\u00e7. Ne nuk mbledhim me vet\u00ebdije t\u00eb dh\u00ebna personale nga f\u00ebmij\u00ebt pa p\u00eblqimin e prind\u00ebrve. <\/p><hr data-start=\"2609\" data-end=\"2612\"><h3 data-start=\"2614\" data-end=\"2635\">6. Ruajtja e t\u00eb dh\u00ebnave<\/h3><p data-start=\"2637\" data-end=\"2807\">Ne i ruajm\u00eb t\u00eb dh\u00ebnat tuaja p\u00ebr sa koh\u00eb q\u00eb llogaria juaj \u00ebsht\u00eb aktive ose sipas nevoj\u00ebs p\u00ebr t&#8217;ju ofruar Sh\u00ebrbimin. Disa t\u00eb dh\u00ebna mund t\u00eb mbahen p\u00ebr q\u00ebllime ligjore, faturimi ose sigurie. <\/p><hr data-start=\"2809\" data-end=\"2812\"><h3 data-start=\"2814\" data-end=\"2829\">7. Siguria<\/h3><p data-start=\"2831\" data-end=\"3056\">Ne p\u00ebrdorim enkriptim standard t\u00eb industris\u00eb, ruajtje t\u00eb sigurt dhe akses t\u00eb kufizuar p\u00ebr t\u00eb mbrojtur informacionin tuaj. Megjithat\u00eb, asnj\u00eb sistem nuk mund t\u00eb jet\u00eb 100% i sigurt, prandaj ju inkurajojm\u00eb t\u00eb p\u00ebrdorni fjal\u00ebkalime t\u00eb forta dhe t\u00eb na njoftoni p\u00ebr \u00e7do aktivitet t\u00eb dyshimt\u00eb. <\/p><hr data-start=\"3058\" data-end=\"3061\"><h3 data-start=\"3063\" data-end=\"3089\">8. P\u00ebrdoruesit Nd\u00ebrkomb\u00ebtar\u00eb<\/h3><p data-start=\"3091\" data-end=\"3254\">Road Talkz Inc. ka selin\u00eb n\u00eb Shtetet e Bashkuara. N\u00ebse hyni n\u00eb Sh\u00ebrbim nga jasht\u00eb SHBA-s\u00eb, ju pranoni transferimin dhe p\u00ebrpunimin e t\u00eb dh\u00ebnave tuaja n\u00eb SHBA. <\/p><hr data-start=\"3256\" data-end=\"3259\"><h3 data-start=\"3261\" data-end=\"3290\">9. Ndryshime n\u00eb k\u00ebt\u00eb Politik\u00eb<\/h3><p data-start=\"3292\" data-end=\"3480\">Ne mund ta p\u00ebrdit\u00ebsojm\u00eb k\u00ebt\u00eb Politik\u00eb Privat\u00ebsie. Do t&#8217;ju njoftojm\u00eb p\u00ebr ndryshime t\u00eb r\u00ebnd\u00ebsishme me an\u00eb t\u00eb email-it ose p\u00ebrmes aplikacionit. P\u00ebrdorimi i vazhduesh\u00ebm i Sh\u00ebrbimit pasi ndryshimet t\u00eb hyjn\u00eb n\u00eb fuqi tregon pranimin tuaj.  <\/p><hr data-start=\"3482\" data-end=\"3485\"><h3 data-start=\"3487\" data-end=\"3505\">10. Na Kontaktoni<\/h3><p data-start=\"3507\" data-end=\"3580\">N\u00ebse keni ndonj\u00eb pyetje ose shqet\u00ebsim n\u00eb lidhje me t\u00eb dh\u00ebnat tuaja, ju lutemi na kontaktoni:<\/p><p data-start=\"3582\" data-end=\"3646\">\ud83d\udce7 <strong data-start=\"3585\" data-end=\"3610\"><a class=\"cursor-pointer\" rel=\"noopener\" data-start=\"3587\" data-end=\"3608\">privacy@roadtalkz.com<\/a><\/strong><br data-start=\"3610\" data-end=\"3613\">\ud83d\udccd Road Talkz Inc., Delaware, SHBA<\/p>\t\t\t\t\t\t\t\t<\/div>\n\t\t\t\t<\/div>\n\t\t\t\t\t<\/div>\n\t\t\t\t<\/div>\n\t\t\t\t<\/div>\n\t\t","protected":false},"excerpt":{"rendered":"<p>Politika e Privat\u00ebsis\u00eb Data e hyrjes n\u00eb fuqi: 01.06.2025 Kjo Politik\u00eb Privat\u00ebsie p\u00ebrshkruan se si Road Talkz Inc. (\u201ene\u201c, \u201etona\u201c ose \u201eneve\u201c) mbledh, p\u00ebrdor dhe mbron informacionin tuaj personal kur p\u00ebrdorni faqen ton\u00eb t\u00eb internetit (https:\/\/roadtalkz.com ), aplikacioni celular dhe sh\u00ebrbimet p\u00ebrkat\u00ebse (s\u00eb bashku, \u201eSh\u00ebrbimi\u201c). Duke p\u00ebrdorur Sh\u00ebrbimin, ju pranoni kushtet e k\u00ebsaj Politike Privat\u00ebsie. [&hellip;]<\/p>\n","protected":false},"author":1,"featured_media":0,"parent":0,"menu_order":0,"comment_status":"closed","ping_status":"closed","template":"elementor_header_footer","meta":{"footnotes":""},"class_list":["post-2355","page","type-page","status-publish","hentry"],"yoast_head":"<!-- This site is optimized with the Yoast SEO plugin v27.4 - https:\/\/yoast.com\/product\/yoast-seo-wordpress\/ -->\n<title>Politika e Privat\u00ebsis\u00eb - roadtalkz.com<\/title>\n<meta name=\"robots\" content=\"index, follow, max-snippet:-1, max-image-preview:large, max-video-preview:-1\" \/>\n<link rel=\"canonical\" href=\"https:\/\/roadtalkz.com\/sq\/politika-e-privatesise\/\" \/>\n<meta property=\"og:locale\" content=\"sq_AL\" \/>\n<meta property=\"og:type\" content=\"article\" \/>\n<meta property=\"og:title\" content=\"Politika e Privat\u00ebsis\u00eb - roadtalkz.com\" \/>\n<meta property=\"og:description\" content=\"Politika e Privat\u00ebsis\u00eb Data e hyrjes n\u00eb fuqi: 01.06.2025 Kjo Politik\u00eb Privat\u00ebsie p\u00ebrshkruan se si Road Talkz Inc. (\u201ene\u201c, \u201etona\u201c ose \u201eneve\u201c) mbledh, p\u00ebrdor dhe mbron informacionin tuaj personal kur p\u00ebrdorni faqen ton\u00eb t\u00eb internetit (https:\/\/roadtalkz.com ), aplikacioni celular dhe sh\u00ebrbimet p\u00ebrkat\u00ebse (s\u00eb bashku, \u201eSh\u00ebrbimi\u201c). Duke p\u00ebrdorur Sh\u00ebrbimin, ju pranoni kushtet e k\u00ebsaj Politike Privat\u00ebsie. [&hellip;]\" \/>\n<meta property=\"og:url\" content=\"https:\/\/roadtalkz.com\/sq\/politika-e-privatesise\/\" \/>\n<meta property=\"og:site_name\" content=\"roadtalkz.com\" \/>\n<meta property=\"article:publisher\" content=\"https:\/\/www.facebook.com\/profile.php?id=61577046800999#\" \/>\n<meta property=\"article:modified_time\" content=\"2025-06-10T12:16:45+00:00\" \/>\n<meta property=\"og:image\" content=\"https:\/\/roadtalkz.com\/wp-content\/uploads\/2025\/05\/Mockups-1.webp\" \/>\n\t<meta property=\"og:image:width\" content=\"1457\" \/>\n\t<meta property=\"og:image:height\" content=\"1590\" \/>\n\t<meta property=\"og:image:type\" content=\"image\/webp\" \/>\n<meta name=\"twitter:card\" content=\"summary_large_image\" \/>\n<meta name=\"twitter:site\" content=\"@RoadTalkz\" \/>\n<meta name=\"twitter:label1\" content=\"Est. reading time\" \/>\n\t<meta name=\"twitter:data1\" content=\"3 minutes\" \/>\n<script type=\"application\/ld+json\" class=\"yoast-schema-graph\">{\"@context\":\"https:\\\/\\\/schema.org\",\"@graph\":[{\"@type\":\"WebPage\",\"@id\":\"https:\\\/\\\/roadtalkz.com\\\/sq\\\/politika-e-privatesise\\\/\",\"url\":\"https:\\\/\\\/roadtalkz.com\\\/sq\\\/politika-e-privatesise\\\/\",\"name\":\"Politika e Privat\u00ebsis\u00eb - roadtalkz.com\",\"isPartOf\":{\"@id\":\"https:\\\/\\\/roadtalkz.com\\\/#website\"},\"datePublished\":\"2025-05-30T23:16:37+00:00\",\"dateModified\":\"2025-06-10T12:16:45+00:00\",\"breadcrumb\":{\"@id\":\"https:\\\/\\\/roadtalkz.com\\\/sq\\\/politika-e-privatesise\\\/#breadcrumb\"},\"inLanguage\":\"sq-AL\",\"potentialAction\":[{\"@type\":\"ReadAction\",\"target\":[\"https:\\\/\\\/roadtalkz.com\\\/sq\\\/politika-e-privatesise\\\/\"]}]},{\"@type\":\"BreadcrumbList\",\"@id\":\"https:\\\/\\\/roadtalkz.com\\\/sq\\\/politika-e-privatesise\\\/#breadcrumb\",\"itemListElement\":[{\"@type\":\"ListItem\",\"position\":1,\"name\":\"Home\",\"item\":\"https:\\\/\\\/roadtalkz.com\\\/sq\\\/shtepi\\\/\"},{\"@type\":\"ListItem\",\"position\":2,\"name\":\"Politika e Privat\u00ebsis\u00eb\"}]},{\"@type\":\"WebSite\",\"@id\":\"https:\\\/\\\/roadtalkz.com\\\/#website\",\"url\":\"https:\\\/\\\/roadtalkz.com\\\/\",\"name\":\"roadtalkz.com\",\"description\":\"English for truck drivers in the USA\",\"publisher\":{\"@id\":\"https:\\\/\\\/roadtalkz.com\\\/#organization\"},\"alternateName\":\"road talkz\",\"potentialAction\":[{\"@type\":\"SearchAction\",\"target\":{\"@type\":\"EntryPoint\",\"urlTemplate\":\"https:\\\/\\\/roadtalkz.com\\\/?s={search_term_string}\"},\"query-input\":{\"@type\":\"PropertyValueSpecification\",\"valueRequired\":true,\"valueName\":\"search_term_string\"}}],\"inLanguage\":\"sq-AL\"},{\"@type\":\"Organization\",\"@id\":\"https:\\\/\\\/roadtalkz.com\\\/#organization\",\"name\":\"Roadtalkz LLC\",\"url\":\"https:\\\/\\\/roadtalkz.com\\\/\",\"logo\":{\"@type\":\"ImageObject\",\"inLanguage\":\"sq-AL\",\"@id\":\"https:\\\/\\\/roadtalkz.com\\\/#\\\/schema\\\/logo\\\/image\\\/\",\"url\":\"https:\\\/\\\/roadtalkz.com\\\/wp-content\\\/uploads\\\/2025\\\/05\\\/logo_icon_black.svg\",\"contentUrl\":\"https:\\\/\\\/roadtalkz.com\\\/wp-content\\\/uploads\\\/2025\\\/05\\\/logo_icon_black.svg\",\"width\":70,\"height\":73,\"caption\":\"Roadtalkz LLC\"},\"image\":{\"@id\":\"https:\\\/\\\/roadtalkz.com\\\/#\\\/schema\\\/logo\\\/image\\\/\"},\"sameAs\":[\"https:\\\/\\\/www.facebook.com\\\/profile.php?id=61577046800999#\",\"https:\\\/\\\/x.com\\\/RoadTalkz\",\"https:\\\/\\\/www.instagram.com\\\/roadtalkz\",\"https:\\\/\\\/www.linkedin.com\\\/company\\\/roadtalkz\\\/\"]}]}<\/script>\n<!-- \/ Yoast SEO plugin. -->","yoast_head_json":{"title":"Politika e Privat\u00ebsis\u00eb - roadtalkz.com","robots":{"index":"index","follow":"follow","max-snippet":"max-snippet:-1","max-image-preview":"max-image-preview:large","max-video-preview":"max-video-preview:-1"},"canonical":"https:\/\/roadtalkz.com\/sq\/politika-e-privatesise\/","og_locale":"sq_AL","og_type":"article","og_title":"Politika e Privat\u00ebsis\u00eb - roadtalkz.com","og_description":"Politika e Privat\u00ebsis\u00eb Data e hyrjes n\u00eb fuqi: 01.06.2025 Kjo Politik\u00eb Privat\u00ebsie p\u00ebrshkruan se si Road Talkz Inc. (\u201ene\u201c, \u201etona\u201c ose \u201eneve\u201c) mbledh, p\u00ebrdor dhe mbron informacionin tuaj personal kur p\u00ebrdorni faqen ton\u00eb t\u00eb internetit (https:\/\/roadtalkz.com ), aplikacioni celular dhe sh\u00ebrbimet p\u00ebrkat\u00ebse (s\u00eb bashku, \u201eSh\u00ebrbimi\u201c). Duke p\u00ebrdorur Sh\u00ebrbimin, ju pranoni kushtet e k\u00ebsaj Politike Privat\u00ebsie. [&hellip;]","og_url":"https:\/\/roadtalkz.com\/sq\/politika-e-privatesise\/","og_site_name":"roadtalkz.com","article_publisher":"https:\/\/www.facebook.com\/profile.php?id=61577046800999#","article_modified_time":"2025-06-10T12:16:45+00:00","og_image":[{"width":1457,"height":1590,"url":"https:\/\/roadtalkz.com\/wp-content\/uploads\/2025\/05\/Mockups-1.webp","type":"image\/webp"}],"twitter_card":"summary_large_image","twitter_site":"@RoadTalkz","twitter_misc":{"Est. reading time":"3 minutes"},"schema":{"@context":"https:\/\/schema.org","@graph":[{"@type":"WebPage","@id":"https:\/\/roadtalkz.com\/sq\/politika-e-privatesise\/","url":"https:\/\/roadtalkz.com\/sq\/politika-e-privatesise\/","name":"Politika e Privat\u00ebsis\u00eb - roadtalkz.com","isPartOf":{"@id":"https:\/\/roadtalkz.com\/#website"},"datePublished":"2025-05-30T23:16:37+00:00","dateModified":"2025-06-10T12:16:45+00:00","breadcrumb":{"@id":"https:\/\/roadtalkz.com\/sq\/politika-e-privatesise\/#breadcrumb"},"inLanguage":"sq-AL","potentialAction":[{"@type":"ReadAction","target":["https:\/\/roadtalkz.com\/sq\/politika-e-privatesise\/"]}]},{"@type":"BreadcrumbList","@id":"https:\/\/roadtalkz.com\/sq\/politika-e-privatesise\/#breadcrumb","itemListElement":[{"@type":"ListItem","position":1,"name":"Home","item":"https:\/\/roadtalkz.com\/sq\/shtepi\/"},{"@type":"ListItem","position":2,"name":"Politika e Privat\u00ebsis\u00eb"}]},{"@type":"WebSite","@id":"https:\/\/roadtalkz.com\/#website","url":"https:\/\/roadtalkz.com\/","name":"roadtalkz.com","description":"English for truck drivers in the USA","publisher":{"@id":"https:\/\/roadtalkz.com\/#organization"},"alternateName":"road talkz","potentialAction":[{"@type":"SearchAction","target":{"@type":"EntryPoint","urlTemplate":"https:\/\/roadtalkz.com\/?s={search_term_string}"},"query-input":{"@type":"PropertyValueSpecification","valueRequired":true,"valueName":"search_term_string"}}],"inLanguage":"sq-AL"},{"@type":"Organization","@id":"https:\/\/roadtalkz.com\/#organization","name":"Roadtalkz LLC","url":"https:\/\/roadtalkz.com\/","logo":{"@type":"ImageObject","inLanguage":"sq-AL","@id":"https:\/\/roadtalkz.com\/#\/schema\/logo\/image\/","url":"https:\/\/roadtalkz.com\/wp-content\/uploads\/2025\/05\/logo_icon_black.svg","contentUrl":"https:\/\/roadtalkz.com\/wp-content\/uploads\/2025\/05\/logo_icon_black.svg","width":70,"height":73,"caption":"Roadtalkz LLC"},"image":{"@id":"https:\/\/roadtalkz.com\/#\/schema\/logo\/image\/"},"sameAs":["https:\/\/www.facebook.com\/profile.php?id=61577046800999#","https:\/\/x.com\/RoadTalkz","https:\/\/www.instagram.com\/roadtalkz","https:\/\/www.linkedin.com\/company\/roadtalkz\/"]}]}},"_links":{"self":[{"href":"https:\/\/roadtalkz.com\/sq\/wp-json\/wp\/v2\/pages\/2355","targetHints":{"allow":["GET"]}}],"collection":[{"href":"https:\/\/roadtalkz.com\/sq\/wp-json\/wp\/v2\/pages"}],"about":[{"href":"https:\/\/roadtalkz.com\/sq\/wp-json\/wp\/v2\/types\/page"}],"author":[{"embeddable":true,"href":"https:\/\/roadtalkz.com\/sq\/wp-json\/wp\/v2\/users\/1"}],"replies":[{"embeddable":true,"href":"https:\/\/roadtalkz.com\/sq\/wp-json\/wp\/v2\/comments?post=2355"}],"version-history":[{"count":1,"href":"https:\/\/roadtalkz.com\/sq\/wp-json\/wp\/v2\/pages\/2355\/revisions"}],"predecessor-version":[{"id":2357,"href":"https:\/\/roadtalkz.com\/sq\/wp-json\/wp\/v2\/pages\/2355\/revisions\/2357"}],"wp:attachment":[{"href":"https:\/\/roadtalkz.com\/sq\/wp-json\/wp\/v2\/media?parent=2355"}],"curies":[{"name":"wp","href":"https:\/\/api.w.org\/{rel}","templated":true}]}}