{"id":2316,"date":"2025-06-10T00:46:25","date_gmt":"2025-06-10T00:46:25","guid":{"rendered":"https:\/\/roadtalkz.com\/blog\/"},"modified":"2025-06-10T11:18:28","modified_gmt":"2025-06-10T11:18:28","slug":"blog","status":"publish","type":"page","link":"https:\/\/roadtalkz.com\/sq\/blog\/","title":{"rendered":"Blog"},"content":{"rendered":"\t\t<div data-elementor-type=\"wp-page\" data-elementor-id=\"2316\" class=\"elementor elementor-2316 elementor-2228\" data-elementor-post-type=\"page\">\n\t\t\t\t<div class=\"elementor-element elementor-element-7f70d87 e-flex e-con-boxed e-con e-parent\" data-id=\"7f70d87\" data-element_type=\"container\" data-e-type=\"container\">\n\t\t\t\t\t<div class=\"e-con-inner\">\n\t\t\t\t<div class=\"elementor-element elementor-element-068b994 elementor-grid-eael-col-2 elementor-grid-tablet-eael-col-2 elementor-grid-mobile-eael-col-1 elementor-widget elementor-widget-eael-post-grid\" data-id=\"068b994\" data-element_type=\"widget\" data-e-type=\"widget\" data-settings=\"{&quot;eael_post_grid_columns&quot;:&quot;eael-col-2&quot;,&quot;eael_post_grid_columns_tablet&quot;:&quot;eael-col-2&quot;,&quot;eael_post_grid_columns_mobile&quot;:&quot;eael-col-1&quot;}\" data-widget_type=\"eael-post-grid.default\">\n\t\t\t\t<div class=\"elementor-widget-container\">\n\t\t\t\t\t<div id=\"eael-post-grid-068b994\" class=\"eael-post-grid-container\">\n            <div class=\"eael-post-grid eael-post-appender eael-post-appender-068b994 eael-post-grid-style-one\" data-layout-mode=\"masonry\"><article class=\"eael-grid-post  eael-post-grid-column eael-pg-post-2518 category-uncategorized-sq\" data-id=\"2518\">\n        <div class=\"eael-grid-post-holder\">\n            <div class=\"eael-grid-post-holder-inner\"><div class=\"eael-entry-media\"><div class=\"eael-entry-overlay fade-in\"><i class=\"fas fa-long-arrow-alt-right\" aria-hidden=\"true\"><\/i><a href=\"https:\/\/roadtalkz.com\/sq\/rregulli-i-gjuhes-angleze-trondit-transportin-nderkufitar-me-kamione\/\"><\/a><\/div><div class=\"eael-entry-thumbnail eael-image-ratio\">\n                <img fetchpriority=\"high\" decoding=\"async\" width=\"768\" height=\"512\" src=\"https:\/\/roadtalkz.com\/wp-content\/uploads\/2025\/08\/20250814_1934_Truck-Inspection-at-Border_simple_compose_01k2nj8a8pejq8mw8efehtr93t-1-768x512.png\" class=\"attachment-medium_large size-medium_large wp-image-2488\" alt=\"\" srcset=\"https:\/\/roadtalkz.com\/wp-content\/uploads\/2025\/08\/20250814_1934_Truck-Inspection-at-Border_simple_compose_01k2nj8a8pejq8mw8efehtr93t-1-768x512.png 768w, https:\/\/roadtalkz.com\/wp-content\/uploads\/2025\/08\/20250814_1934_Truck-Inspection-at-Border_simple_compose_01k2nj8a8pejq8mw8efehtr93t-1-300x200.png 300w, https:\/\/roadtalkz.com\/wp-content\/uploads\/2025\/08\/20250814_1934_Truck-Inspection-at-Border_simple_compose_01k2nj8a8pejq8mw8efehtr93t-1-1024x683.png 1024w, https:\/\/roadtalkz.com\/wp-content\/uploads\/2025\/08\/20250814_1934_Truck-Inspection-at-Border_simple_compose_01k2nj8a8pejq8mw8efehtr93t-1.png 1536w\" sizes=\"(max-width: 768px) 100vw, 768px\" \/>\n            <\/div>\n        <\/div><div class=\"eael-entry-wrapper\"><header class=\"eael-entry-header\"><h2 class=\"eael-entry-title\"><a class=\"eael-grid-post-link\" href=\"https:\/\/roadtalkz.com\/sq\/rregulli-i-gjuhes-angleze-trondit-transportin-nderkufitar-me-kamione\/\" title=\"Rregulli i gjuh\u00ebs angleze trondit transportin nd\u00ebrkufitar me kamion\u00eb\">Rregulli i gjuh\u00ebs angleze trondit transportin nd\u00ebrkufitar me kamion\u00eb<\/a><\/h2><\/header><div class=\"eael-entry-content\">\n                        <div class=\"eael-grid-post-excerpt\"><p>Rregulli i gjuh\u00ebs angleze trondit transportin nd\u00ebrkufitar me kamion\u00eb Nj\u00eb mas\u00eb e koh\u00ebve t\u00eb fundit p\u00ebr t\u00eb kufizuar njohurit\u00eb e shofer\u00ebve t\u00eb kamion\u00ebve n\u00eb gjuh\u00ebn angleze po ndryshon tashm\u00eb modelet e transportit t\u00eb mallrave, ve\u00e7an\u00ebrisht n\u00eb rrug\u00ebt SHBA-Meksik\u00eb. Le ta analizojm\u00eb n\u00eb terma t\u00eb thjesht\u00eb dhe t\u00eb shpjegojm\u00eb se \u00e7far\u00eb...<\/p><a href=\"https:\/\/roadtalkz.com\/sq\/rregulli-i-gjuhes-angleze-trondit-transportin-nderkufitar-me-kamione\/\" class=\"eael-post-elements-readmore-btn\">Lexo m\u00eb shum\u00eb<\/a><\/div>\n                    <\/div><\/div><\/div>\n        <\/div>\n    <\/article><article class=\"eael-grid-post  eael-post-grid-column eael-pg-post-2445 category-uncategorized-sq\" data-id=\"2445\">\n        <div class=\"eael-grid-post-holder\">\n            <div class=\"eael-grid-post-holder-inner\"><div class=\"eael-entry-media\"><div class=\"eael-entry-overlay fade-in\"><i class=\"fas fa-long-arrow-alt-right\" aria-hidden=\"true\"><\/i><a href=\"https:\/\/roadtalkz.com\/sq\/pse-mesimi-i-anglishtes-eshte-i-rendesishem-per-shoferet-e-kamioneve-qe-nuk-e-kane-anglishten-gjuhe-amtare\/\"><\/a><\/div><div class=\"eael-entry-thumbnail eael-image-ratio\">\n                <img decoding=\"async\" width=\"768\" height=\"768\" src=\"https:\/\/roadtalkz.com\/wp-content\/uploads\/2025\/08\/ChatGPT-Image-Aug-13-2025-07_38_57-PM-768x768.png\" class=\"attachment-medium_large size-medium_large wp-image-2425\" alt=\"\" srcset=\"https:\/\/roadtalkz.com\/wp-content\/uploads\/2025\/08\/ChatGPT-Image-Aug-13-2025-07_38_57-PM-768x768.png 768w, https:\/\/roadtalkz.com\/wp-content\/uploads\/2025\/08\/ChatGPT-Image-Aug-13-2025-07_38_57-PM-300x300.png 300w, https:\/\/roadtalkz.com\/wp-content\/uploads\/2025\/08\/ChatGPT-Image-Aug-13-2025-07_38_57-PM-150x150.png 150w, https:\/\/roadtalkz.com\/wp-content\/uploads\/2025\/08\/ChatGPT-Image-Aug-13-2025-07_38_57-PM.png 1024w\" sizes=\"(max-width: 768px) 100vw, 768px\" \/>\n            <\/div>\n        <\/div><div class=\"eael-entry-wrapper\"><header class=\"eael-entry-header\"><h2 class=\"eael-entry-title\"><a class=\"eael-grid-post-link\" href=\"https:\/\/roadtalkz.com\/sq\/pse-mesimi-i-anglishtes-eshte-i-rendesishem-per-shoferet-e-kamioneve-qe-nuk-e-kane-anglishten-gjuhe-amtare\/\" title=\"Pse m\u00ebsimi i anglishtes \u00ebsht\u00eb i r\u00ebnd\u00ebsish\u00ebm p\u00ebr shofer\u00ebt e kamion\u00ebve q\u00eb nuk e kan\u00eb anglishten gjuh\u00eb amtare\">Pse m\u00ebsimi i anglishtes \u00ebsht\u00eb i r\u00ebnd\u00ebsish\u00ebm p\u00ebr shofer\u00ebt e kamion\u00ebve q\u00eb nuk e kan\u00eb anglishten gjuh\u00eb amtare<\/a><\/h2><\/header><div class=\"eael-entry-content\">\n                        <div class=\"eael-grid-post-excerpt\"><p>Pse t\u00eb m\u00ebsuarit e anglishtes \u00ebsht\u00eb e r\u00ebnd\u00ebsishme p\u00ebr shofer\u00ebt e kamion\u00ebve q\u00eb nuk e kan\u00eb gjuh\u00ebn amtare Jeta si shofer kamioni n\u00eb SHBA nuk \u00ebsht\u00eb e leht\u00eb, dhe n\u00ebse nuk e keni anglishten si gjuh\u00eb amtare, mund t\u00eb jet\u00eb edhe m\u00eb e v\u00ebshtir\u00eb. Nga inspektimet rrugore deri te bisedat...<\/p><a href=\"https:\/\/roadtalkz.com\/sq\/pse-mesimi-i-anglishtes-eshte-i-rendesishem-per-shoferet-e-kamioneve-qe-nuk-e-kane-anglishten-gjuhe-amtare\/\" class=\"eael-post-elements-readmore-btn\">Lexo m\u00eb shum\u00eb<\/a><\/div>\n                    <\/div><\/div><\/div>\n        <\/div>\n    <\/article><article class=\"eael-grid-post  eael-post-grid-column eael-pg-post-2035 category-uncategorized-sq\" data-id=\"2035\">\n        <div class=\"eael-grid-post-holder\">\n            <div class=\"eael-grid-post-holder-inner\"><div class=\"eael-entry-media\"><div class=\"eael-entry-overlay fade-in\"><i class=\"fas fa-long-arrow-alt-right\" aria-hidden=\"true\"><\/i><a href=\"https:\/\/roadtalkz.com\/sq\/blogu-2\/\"><\/a><\/div><div class=\"eael-entry-thumbnail eael-image-ratio\">\n                <img decoding=\"async\" width=\"768\" height=\"514\" src=\"https:\/\/roadtalkz.com\/wp-content\/uploads\/2025\/06\/g6b006359aa44314ea8c0d788159ba473ac19148b8421f47c9647104999e6a38f1d91f9f24a6b0c659cfb3c4d18bc174b_1280-784392-768x514.webp\" class=\"attachment-medium_large size-medium_large wp-image-1971\" alt=\"canada, trucks, truck, trucks, trucks, truck, truck, truck, truck, truck\" srcset=\"https:\/\/roadtalkz.com\/wp-content\/uploads\/2025\/06\/g6b006359aa44314ea8c0d788159ba473ac19148b8421f47c9647104999e6a38f1d91f9f24a6b0c659cfb3c4d18bc174b_1280-784392-768x514.webp 768w, https:\/\/roadtalkz.com\/wp-content\/uploads\/2025\/06\/g6b006359aa44314ea8c0d788159ba473ac19148b8421f47c9647104999e6a38f1d91f9f24a6b0c659cfb3c4d18bc174b_1280-784392-300x201.webp 300w, https:\/\/roadtalkz.com\/wp-content\/uploads\/2025\/06\/g6b006359aa44314ea8c0d788159ba473ac19148b8421f47c9647104999e6a38f1d91f9f24a6b0c659cfb3c4d18bc174b_1280-784392-1024x686.webp 1024w, https:\/\/roadtalkz.com\/wp-content\/uploads\/2025\/06\/g6b006359aa44314ea8c0d788159ba473ac19148b8421f47c9647104999e6a38f1d91f9f24a6b0c659cfb3c4d18bc174b_1280-784392.webp 1280w\" sizes=\"(max-width: 768px) 100vw, 768px\" \/>\n            <\/div>\n        <\/div><div class=\"eael-entry-wrapper\"><header class=\"eael-entry-header\"><h2 class=\"eael-entry-title\"><a class=\"eael-grid-post-link\" href=\"https:\/\/roadtalkz.com\/sq\/blogu-2\/\" title=\"Termat e Kamion\u00ebve t\u00eb Shpjeguara: Nj\u00eb Udh\u00ebzues i Thjesht\u00eb p\u00ebr Shofer\u00ebt e Rinj\">Termat e Kamion\u00ebve t\u00eb Shpjeguara: Nj\u00eb Udh\u00ebzues i Thjesht\u00eb p\u00ebr Shofer\u00ebt e Rinj<\/a><\/h2><\/header><div class=\"eael-entry-content\">\n                        <div class=\"eael-grid-post-excerpt\"><p>Termat e Transportit me Kamion\u00eb t\u00eb Shpjeguara \u2014 Thjesht\u00eb dhe Leht\u00eb N\u00ebse je shofer kamioni, njohja e fjal\u00ebve t\u00eb zakonshme q\u00eb p\u00ebrdoren n\u00eb transportin me kamion\u00eb \u00ebsht\u00eb shum\u00eb e r\u00ebnd\u00ebsishme. T\u00eb ndihmon t\u00eb kuptosh pun\u00ebn t\u00ebnde, t\u00eb flas\u00ebsh me t\u00eb tjer\u00ebt dhe t\u00eb shmang\u00ebsh konfuzionin. M\u00ebsimi i k\u00ebtyre fjal\u00ebve mund...<\/p><a href=\"https:\/\/roadtalkz.com\/sq\/blogu-2\/\" class=\"eael-post-elements-readmore-btn\">Lexo m\u00eb shum\u00eb<\/a><\/div>\n                    <\/div><\/div><\/div>\n        <\/div>\n    <\/article><article class=\"eael-grid-post  eael-post-grid-column eael-pg-post-2033 category-uncategorized-sq\" data-id=\"2033\">\n        <div class=\"eael-grid-post-holder\">\n            <div class=\"eael-grid-post-holder-inner\"><div class=\"eael-entry-media\"><div class=\"eael-entry-overlay fade-in\"><i class=\"fas fa-long-arrow-alt-right\" aria-hidden=\"true\"><\/i><a href=\"https:\/\/roadtalkz.com\/sq\/blogu-1\/\"><\/a><\/div><div class=\"eael-entry-thumbnail eael-image-ratio\">\n                <img loading=\"lazy\" decoding=\"async\" width=\"768\" height=\"1152\" src=\"https:\/\/roadtalkz.com\/wp-content\/uploads\/2025\/06\/ChatGPT-Image-Jun-9-2025-01_56_07-PM-768x1152.png\" class=\"attachment-medium_large size-medium_large wp-image-2188\" alt=\"\" srcset=\"https:\/\/roadtalkz.com\/wp-content\/uploads\/2025\/06\/ChatGPT-Image-Jun-9-2025-01_56_07-PM-768x1152.png 768w, https:\/\/roadtalkz.com\/wp-content\/uploads\/2025\/06\/ChatGPT-Image-Jun-9-2025-01_56_07-PM-200x300.png 200w, https:\/\/roadtalkz.com\/wp-content\/uploads\/2025\/06\/ChatGPT-Image-Jun-9-2025-01_56_07-PM-683x1024.png 683w, https:\/\/roadtalkz.com\/wp-content\/uploads\/2025\/06\/ChatGPT-Image-Jun-9-2025-01_56_07-PM.png 1024w\" sizes=\"(max-width: 768px) 100vw, 768px\" \/>\n            <\/div>\n        <\/div><div class=\"eael-entry-wrapper\"><header class=\"eael-entry-header\"><h2 class=\"eael-entry-title\"><a class=\"eael-grid-post-link\" href=\"https:\/\/roadtalkz.com\/sq\/blogu-1\/\" title=\"Rregulli i ri i anglishtes FMCSA 2025: \u00c7far\u00eb duhet t\u00eb din\u00eb shofer\u00ebt e kamion\u00ebve\">Rregulli i ri i anglishtes FMCSA 2025: \u00c7far\u00eb duhet t\u00eb din\u00eb shofer\u00ebt e kamion\u00ebve<\/a><\/h2><\/header><div class=\"eael-entry-content\">\n                        <div class=\"eael-grid-post-excerpt\"><p>Rregulli i ri i gjuh\u00ebs angleze i FMCSA-s\u00eb: \u00c7far\u00eb duhet t\u00eb din\u00eb shofer\u00ebt e kamion\u00ebve Duke filluar nga 25 qershori 2025, hyn n\u00eb fuqi nj\u00eb rregull i ri nga Administrata Federale e Siguris\u00eb s\u00eb Transportuesve Motorik\u00eb (FMCSA) i cili ndikon n\u00eb t\u00eb gjith\u00eb shofer\u00ebt e kamion\u00ebve nd\u00ebrshtet\u00ebror\u00eb dhe operator\u00ebt e...<\/p><a href=\"https:\/\/roadtalkz.com\/sq\/blogu-1\/\" class=\"eael-post-elements-readmore-btn\">Lexo m\u00eb shum\u00eb<\/a><\/div>\n                    <\/div><\/div><\/div>\n        <\/div>\n    <\/article><\/div>\n            <div class=\"clearfix\"><\/div>\n        <\/div>\t\t\t\t<\/div>\n\t\t\t\t<\/div>\n\t\t\t\t\t<\/div>\n\t\t\t\t<\/div>\n\t\t\t\t<\/div>\n\t\t","protected":false},"excerpt":{"rendered":"<p>Trucking Terms Explained: A Simple Guide for New Drivers Trucking Terms Explained \u2014 Simple and Easy If you are a truck driver, knowing the common words used in trucking is very important. It helps you understand your job, talk to others, and avoid confusion. Learning these words can help you feel more confident and make [&hellip;]<\/p>\n","protected":false},"author":1,"featured_media":0,"parent":0,"menu_order":0,"comment_status":"closed","ping_status":"closed","template":"","meta":{"footnotes":""},"class_list":["post-2316","page","type-page","status-publish","hentry"],"yoast_head":"<!-- This site is optimized with the Yoast SEO plugin v27.4 - https:\/\/yoast.com\/product\/yoast-seo-wordpress\/ -->\n<title>Blogu i Anglishtes p\u00ebr Shofer\u00ebt e Kamion\u00ebve | Informacion mbi RoadTalkz<\/title>\n<meta name=\"description\" content=\"K\u00ebshilla, mjete dhe njohuri p\u00ebr t\u00eb ndihmuar shofer\u00ebt e kamion\u00ebve t\u00eb p\u00ebrmir\u00ebsojn\u00eb anglishten, t\u00eb kalojn\u00eb inspektimet dhe t\u00eb q\u00ebndrojn\u00eb n\u00eb p\u00ebrputhje me rregullat \u2014 direkt nga RoadTalkz.\" \/>\n<meta name=\"robots\" content=\"index, follow, max-snippet:-1, max-image-preview:large, max-video-preview:-1\" \/>\n<link rel=\"canonical\" href=\"https:\/\/roadtalkz.com\/sq\/blog\/\" \/>\n<meta property=\"og:locale\" content=\"sq_AL\" \/>\n<meta property=\"og:type\" content=\"article\" \/>\n<meta property=\"og:title\" content=\"Blogu i Anglishtes p\u00ebr Shofer\u00ebt e Kamion\u00ebve | Informacion mbi RoadTalkz\" \/>\n<meta property=\"og:description\" content=\"K\u00ebshilla, mjete dhe njohuri p\u00ebr t\u00eb ndihmuar shofer\u00ebt e kamion\u00ebve t\u00eb p\u00ebrmir\u00ebsojn\u00eb anglishten, t\u00eb kalojn\u00eb inspektimet dhe t\u00eb q\u00ebndrojn\u00eb n\u00eb p\u00ebrputhje me rregullat \u2014 direkt nga RoadTalkz.\" \/>\n<meta property=\"og:url\" content=\"https:\/\/roadtalkz.com\/sq\/blog\/\" \/>\n<meta property=\"og:site_name\" content=\"roadtalkz.com\" \/>\n<meta property=\"article:publisher\" content=\"https:\/\/www.facebook.com\/profile.php?id=61577046800999#\" \/>\n<meta property=\"article:modified_time\" content=\"2025-06-10T11:18:28+00:00\" \/>\n<meta property=\"og:image\" content=\"https:\/\/roadtalkz.com\/wp-content\/uploads\/2025\/06\/g6b006359aa44314ea8c0d788159ba473ac19148b8421f47c9647104999e6a38f1d91f9f24a6b0c659cfb3c4d18bc174b_1280-784392.webp\" \/>\n\t<meta property=\"og:image:width\" content=\"1280\" \/>\n\t<meta property=\"og:image:height\" content=\"857\" \/>\n\t<meta property=\"og:image:type\" content=\"image\/webp\" \/>\n<meta name=\"twitter:card\" content=\"summary_large_image\" \/>\n<meta name=\"twitter:site\" content=\"@RoadTalkz\" \/>\n<meta name=\"twitter:label1\" content=\"Est. reading time\" \/>\n\t<meta name=\"twitter:data1\" content=\"1 minute\" \/>\n<script type=\"application\/ld+json\" class=\"yoast-schema-graph\">{\"@context\":\"https:\\\/\\\/schema.org\",\"@graph\":[{\"@type\":\"WebPage\",\"@id\":\"https:\\\/\\\/roadtalkz.com\\\/sq\\\/blog\\\/\",\"url\":\"https:\\\/\\\/roadtalkz.com\\\/sq\\\/blog\\\/\",\"name\":\"Blogu i Anglishtes p\u00ebr Shofer\u00ebt e Kamion\u00ebve | Informacion mbi RoadTalkz\",\"isPartOf\":{\"@id\":\"https:\\\/\\\/roadtalkz.com\\\/#website\"},\"primaryImageOfPage\":{\"@id\":\"https:\\\/\\\/roadtalkz.com\\\/sq\\\/blog\\\/#primaryimage\"},\"image\":{\"@id\":\"https:\\\/\\\/roadtalkz.com\\\/sq\\\/blog\\\/#primaryimage\"},\"thumbnailUrl\":\"https:\\\/\\\/roadtalkz.com\\\/wp-content\\\/uploads\\\/2025\\\/06\\\/g6b006359aa44314ea8c0d788159ba473ac19148b8421f47c9647104999e6a38f1d91f9f24a6b0c659cfb3c4d18bc174b_1280-784392-768x514.webp\",\"datePublished\":\"2025-06-10T00:46:25+00:00\",\"dateModified\":\"2025-06-10T11:18:28+00:00\",\"description\":\"K\u00ebshilla, mjete dhe njohuri p\u00ebr t\u00eb ndihmuar shofer\u00ebt e kamion\u00ebve t\u00eb p\u00ebrmir\u00ebsojn\u00eb anglishten, t\u00eb kalojn\u00eb inspektimet dhe t\u00eb q\u00ebndrojn\u00eb n\u00eb p\u00ebrputhje me rregullat \u2014 direkt nga RoadTalkz.\",\"breadcrumb\":{\"@id\":\"https:\\\/\\\/roadtalkz.com\\\/sq\\\/blog\\\/#breadcrumb\"},\"inLanguage\":\"sq-AL\",\"potentialAction\":[{\"@type\":\"ReadAction\",\"target\":[\"https:\\\/\\\/roadtalkz.com\\\/sq\\\/blog\\\/\"]}]},{\"@type\":\"ImageObject\",\"inLanguage\":\"sq-AL\",\"@id\":\"https:\\\/\\\/roadtalkz.com\\\/sq\\\/blog\\\/#primaryimage\",\"url\":\"https:\\\/\\\/roadtalkz.com\\\/wp-content\\\/uploads\\\/2025\\\/06\\\/g6b006359aa44314ea8c0d788159ba473ac19148b8421f47c9647104999e6a38f1d91f9f24a6b0c659cfb3c4d18bc174b_1280-784392-768x514.webp\",\"contentUrl\":\"https:\\\/\\\/roadtalkz.com\\\/wp-content\\\/uploads\\\/2025\\\/06\\\/g6b006359aa44314ea8c0d788159ba473ac19148b8421f47c9647104999e6a38f1d91f9f24a6b0c659cfb3c4d18bc174b_1280-784392-768x514.webp\"},{\"@type\":\"BreadcrumbList\",\"@id\":\"https:\\\/\\\/roadtalkz.com\\\/sq\\\/blog\\\/#breadcrumb\",\"itemListElement\":[{\"@type\":\"ListItem\",\"position\":1,\"name\":\"Home\",\"item\":\"https:\\\/\\\/roadtalkz.com\\\/sq\\\/shtepi\\\/\"},{\"@type\":\"ListItem\",\"position\":2,\"name\":\"Blog\"}]},{\"@type\":\"WebSite\",\"@id\":\"https:\\\/\\\/roadtalkz.com\\\/#website\",\"url\":\"https:\\\/\\\/roadtalkz.com\\\/\",\"name\":\"roadtalkz.com\",\"description\":\"English for truck drivers in the USA\",\"publisher\":{\"@id\":\"https:\\\/\\\/roadtalkz.com\\\/#organization\"},\"alternateName\":\"road talkz\",\"potentialAction\":[{\"@type\":\"SearchAction\",\"target\":{\"@type\":\"EntryPoint\",\"urlTemplate\":\"https:\\\/\\\/roadtalkz.com\\\/?s={search_term_string}\"},\"query-input\":{\"@type\":\"PropertyValueSpecification\",\"valueRequired\":true,\"valueName\":\"search_term_string\"}}],\"inLanguage\":\"sq-AL\"},{\"@type\":\"Organization\",\"@id\":\"https:\\\/\\\/roadtalkz.com\\\/#organization\",\"name\":\"Roadtalkz LLC\",\"url\":\"https:\\\/\\\/roadtalkz.com\\\/\",\"logo\":{\"@type\":\"ImageObject\",\"inLanguage\":\"sq-AL\",\"@id\":\"https:\\\/\\\/roadtalkz.com\\\/#\\\/schema\\\/logo\\\/image\\\/\",\"url\":\"https:\\\/\\\/roadtalkz.com\\\/wp-content\\\/uploads\\\/2025\\\/05\\\/logo_icon_black.svg\",\"contentUrl\":\"https:\\\/\\\/roadtalkz.com\\\/wp-content\\\/uploads\\\/2025\\\/05\\\/logo_icon_black.svg\",\"width\":70,\"height\":73,\"caption\":\"Roadtalkz LLC\"},\"image\":{\"@id\":\"https:\\\/\\\/roadtalkz.com\\\/#\\\/schema\\\/logo\\\/image\\\/\"},\"sameAs\":[\"https:\\\/\\\/www.facebook.com\\\/profile.php?id=61577046800999#\",\"https:\\\/\\\/x.com\\\/RoadTalkz\",\"https:\\\/\\\/www.instagram.com\\\/roadtalkz\",\"https:\\\/\\\/www.linkedin.com\\\/company\\\/roadtalkz\\\/\"]}]}<\/script>\n<!-- \/ Yoast SEO plugin. -->","yoast_head_json":{"title":"Blogu i Anglishtes p\u00ebr Shofer\u00ebt e Kamion\u00ebve | Informacion mbi RoadTalkz","description":"K\u00ebshilla, mjete dhe njohuri p\u00ebr t\u00eb ndihmuar shofer\u00ebt e kamion\u00ebve t\u00eb p\u00ebrmir\u00ebsojn\u00eb anglishten, t\u00eb kalojn\u00eb inspektimet dhe t\u00eb q\u00ebndrojn\u00eb n\u00eb p\u00ebrputhje me rregullat \u2014 direkt nga RoadTalkz.","robots":{"index":"index","follow":"follow","max-snippet":"max-snippet:-1","max-image-preview":"max-image-preview:large","max-video-preview":"max-video-preview:-1"},"canonical":"https:\/\/roadtalkz.com\/sq\/blog\/","og_locale":"sq_AL","og_type":"article","og_title":"Blogu i Anglishtes p\u00ebr Shofer\u00ebt e Kamion\u00ebve | Informacion mbi RoadTalkz","og_description":"K\u00ebshilla, mjete dhe njohuri p\u00ebr t\u00eb ndihmuar shofer\u00ebt e kamion\u00ebve t\u00eb p\u00ebrmir\u00ebsojn\u00eb anglishten, t\u00eb kalojn\u00eb inspektimet dhe t\u00eb q\u00ebndrojn\u00eb n\u00eb p\u00ebrputhje me rregullat \u2014 direkt nga RoadTalkz.","og_url":"https:\/\/roadtalkz.com\/sq\/blog\/","og_site_name":"roadtalkz.com","article_publisher":"https:\/\/www.facebook.com\/profile.php?id=61577046800999#","article_modified_time":"2025-06-10T11:18:28+00:00","og_image":[{"width":1280,"height":857,"url":"https:\/\/roadtalkz.com\/wp-content\/uploads\/2025\/06\/g6b006359aa44314ea8c0d788159ba473ac19148b8421f47c9647104999e6a38f1d91f9f24a6b0c659cfb3c4d18bc174b_1280-784392.webp","type":"image\/webp"}],"twitter_card":"summary_large_image","twitter_site":"@RoadTalkz","twitter_misc":{"Est. reading time":"1 minute"},"schema":{"@context":"https:\/\/schema.org","@graph":[{"@type":"WebPage","@id":"https:\/\/roadtalkz.com\/sq\/blog\/","url":"https:\/\/roadtalkz.com\/sq\/blog\/","name":"Blogu i Anglishtes p\u00ebr Shofer\u00ebt e Kamion\u00ebve | Informacion mbi RoadTalkz","isPartOf":{"@id":"https:\/\/roadtalkz.com\/#website"},"primaryImageOfPage":{"@id":"https:\/\/roadtalkz.com\/sq\/blog\/#primaryimage"},"image":{"@id":"https:\/\/roadtalkz.com\/sq\/blog\/#primaryimage"},"thumbnailUrl":"https:\/\/roadtalkz.com\/wp-content\/uploads\/2025\/06\/g6b006359aa44314ea8c0d788159ba473ac19148b8421f47c9647104999e6a38f1d91f9f24a6b0c659cfb3c4d18bc174b_1280-784392-768x514.webp","datePublished":"2025-06-10T00:46:25+00:00","dateModified":"2025-06-10T11:18:28+00:00","description":"K\u00ebshilla, mjete dhe njohuri p\u00ebr t\u00eb ndihmuar shofer\u00ebt e kamion\u00ebve t\u00eb p\u00ebrmir\u00ebsojn\u00eb anglishten, t\u00eb kalojn\u00eb inspektimet dhe t\u00eb q\u00ebndrojn\u00eb n\u00eb p\u00ebrputhje me rregullat \u2014 direkt nga RoadTalkz.","breadcrumb":{"@id":"https:\/\/roadtalkz.com\/sq\/blog\/#breadcrumb"},"inLanguage":"sq-AL","potentialAction":[{"@type":"ReadAction","target":["https:\/\/roadtalkz.com\/sq\/blog\/"]}]},{"@type":"ImageObject","inLanguage":"sq-AL","@id":"https:\/\/roadtalkz.com\/sq\/blog\/#primaryimage","url":"https:\/\/roadtalkz.com\/wp-content\/uploads\/2025\/06\/g6b006359aa44314ea8c0d788159ba473ac19148b8421f47c9647104999e6a38f1d91f9f24a6b0c659cfb3c4d18bc174b_1280-784392-768x514.webp","contentUrl":"https:\/\/roadtalkz.com\/wp-content\/uploads\/2025\/06\/g6b006359aa44314ea8c0d788159ba473ac19148b8421f47c9647104999e6a38f1d91f9f24a6b0c659cfb3c4d18bc174b_1280-784392-768x514.webp"},{"@type":"BreadcrumbList","@id":"https:\/\/roadtalkz.com\/sq\/blog\/#breadcrumb","itemListElement":[{"@type":"ListItem","position":1,"name":"Home","item":"https:\/\/roadtalkz.com\/sq\/shtepi\/"},{"@type":"ListItem","position":2,"name":"Blog"}]},{"@type":"WebSite","@id":"https:\/\/roadtalkz.com\/#website","url":"https:\/\/roadtalkz.com\/","name":"roadtalkz.com","description":"English for truck drivers in the USA","publisher":{"@id":"https:\/\/roadtalkz.com\/#organization"},"alternateName":"road talkz","potentialAction":[{"@type":"SearchAction","target":{"@type":"EntryPoint","urlTemplate":"https:\/\/roadtalkz.com\/?s={search_term_string}"},"query-input":{"@type":"PropertyValueSpecification","valueRequired":true,"valueName":"search_term_string"}}],"inLanguage":"sq-AL"},{"@type":"Organization","@id":"https:\/\/roadtalkz.com\/#organization","name":"Roadtalkz LLC","url":"https:\/\/roadtalkz.com\/","logo":{"@type":"ImageObject","inLanguage":"sq-AL","@id":"https:\/\/roadtalkz.com\/#\/schema\/logo\/image\/","url":"https:\/\/roadtalkz.com\/wp-content\/uploads\/2025\/05\/logo_icon_black.svg","contentUrl":"https:\/\/roadtalkz.com\/wp-content\/uploads\/2025\/05\/logo_icon_black.svg","width":70,"height":73,"caption":"Roadtalkz LLC"},"image":{"@id":"https:\/\/roadtalkz.com\/#\/schema\/logo\/image\/"},"sameAs":["https:\/\/www.facebook.com\/profile.php?id=61577046800999#","https:\/\/x.com\/RoadTalkz","https:\/\/www.instagram.com\/roadtalkz","https:\/\/www.linkedin.com\/company\/roadtalkz\/"]}]}},"_links":{"self":[{"href":"https:\/\/roadtalkz.com\/sq\/wp-json\/wp\/v2\/pages\/2316","targetHints":{"allow":["GET"]}}],"collection":[{"href":"https:\/\/roadtalkz.com\/sq\/wp-json\/wp\/v2\/pages"}],"about":[{"href":"https:\/\/roadtalkz.com\/sq\/wp-json\/wp\/v2\/types\/page"}],"author":[{"embeddable":true,"href":"https:\/\/roadtalkz.com\/sq\/wp-json\/wp\/v2\/users\/1"}],"replies":[{"embeddable":true,"href":"https:\/\/roadtalkz.com\/sq\/wp-json\/wp\/v2\/comments?post=2316"}],"version-history":[{"count":1,"href":"https:\/\/roadtalkz.com\/sq\/wp-json\/wp\/v2\/pages\/2316\/revisions"}],"predecessor-version":[{"id":2318,"href":"https:\/\/roadtalkz.com\/sq\/wp-json\/wp\/v2\/pages\/2316\/revisions\/2318"}],"wp:attachment":[{"href":"https:\/\/roadtalkz.com\/sq\/wp-json\/wp\/v2\/media?parent=2316"}],"curies":[{"name":"wp","href":"https:\/\/api.w.org\/{rel}","templated":true}]}}