{"id":2363,"date":"2025-05-30T23:16:59","date_gmt":"2025-05-30T23:16:59","guid":{"rendered":"https:\/\/roadtalkz.com\/terminos-y-condiciones\/"},"modified":"2025-06-10T12:16:45","modified_gmt":"2025-06-10T12:16:45","slug":"terminos-y-condiciones","status":"publish","type":"page","link":"https:\/\/roadtalkz.com\/es\/terminos-y-condiciones\/","title":{"rendered":"T\u00e9rminos y condiciones"},"content":{"rendered":"\t\t<div data-elementor-type=\"wp-page\" data-elementor-id=\"2363\" class=\"elementor elementor-2363 elementor-1225\" data-elementor-post-type=\"page\">\n\t\t\t\t<div class=\"elementor-element elementor-element-5274f0e e-flex e-con-boxed e-con e-parent\" data-id=\"5274f0e\" data-element_type=\"container\" data-e-type=\"container\">\n\t\t\t\t\t<div class=\"e-con-inner\">\n\t\t\t\t<div class=\"elementor-element elementor-element-1a4ea38 elementor-widget elementor-widget-text-editor\" data-id=\"1a4ea38\" data-element_type=\"widget\" data-e-type=\"widget\" data-widget_type=\"text-editor.default\">\n\t\t\t\t<div class=\"elementor-widget-container\">\n\t\t\t\t\t\t\t\t\t<h2 data-start=\"112\" data-end=\"135\">T\u00e9rminos y condiciones<\/h2><p data-start=\"137\" data-end=\"177\"><strong data-start=\"137\" data-end=\"156\">Fecha de entrada en vigor:<\/strong> 01.06.2025<\/p><p data-start=\"179\" data-end=\"470\">Bienvenido a <strong data-start=\"190\" data-end=\"204\">Road Talkz<\/strong> . Estos T\u00e9rminos y Condiciones (\u201cT\u00e9rminos\u201d) rigen su acceso y uso del sitio web de Road Talkz.<code data-start=\"300\" data-end=\"323\">https:\/\/roadtalkz.com<\/code> ), aplicaci\u00f3n m\u00f3vil y servicios relacionados (colectivamente, el \u201cServicio\u201d) proporcionados por <strong data-start=\"409\" data-end=\"428\">Road Talkz Inc.<\/strong> , una empresa constituida en Delaware, EE. UU. <\/p><p data-start=\"472\" data-end=\"596\">Al acceder o utilizar el Servicio, usted acepta estos T\u00e9rminos. Si no los acepta, le rogamos que no utilice el Servicio. <\/p><hr data-start=\"598\" data-end=\"601\"><h3 data-start=\"603\" data-end=\"628\">1. Uso del Servicio<\/h3><p data-start=\"630\" data-end=\"826\">Solo puedes usar el Servicio si tienes al menos 18 a\u00f1os o cuentas con el consentimiento de tus padres o tutores. Aceptas usar el Servicio \u00fanicamente con fines l\u00edcitos y de acuerdo con estos T\u00e9rminos. <\/p><hr data-start=\"828\" data-end=\"831\"><h3 data-start=\"833\" data-end=\"853\">2. Cuentas de usuario<\/h3><p data-start=\"855\" data-end=\"1151\">Para acceder a ciertas funciones, es posible que necesite crear una cuenta. Usted acepta proporcionar informaci\u00f3n precisa y completa, incluyendo su nombre, direcci\u00f3n de correo electr\u00f3nico y datos de contacto. Usted es responsable de mantener la confidencialidad de las credenciales de su cuenta y de toda la actividad que se realice en ella.  <\/p><p data-start=\"1153\" data-end=\"1206\">Puede solicitar la eliminaci\u00f3n de su cuenta en cualquier momento.<\/p><hr data-start=\"1208\" data-end=\"1211\"><h3 data-start=\"1213\" data-end=\"1249\">3. Planes de suscripci\u00f3n y pagos<\/h3><p data-start=\"1251\" data-end=\"1444\">Road Talkz ofrece planes de suscripci\u00f3n de pago para usuarios individuales y clientes de flotas. Los precios y las funciones var\u00edan seg\u00fan el plan y se describen en el sitio web. Los pagos se procesan de forma segura a trav\u00e9s de Stripe.  <\/p><ul data-start=\"1446\" data-end=\"1793\"><li data-start=\"1446\" data-end=\"1499\"><p data-start=\"1448\" data-end=\"1499\">Est\u00e1n disponibles opciones de facturaci\u00f3n mensual y anual.<\/p><\/li><li data-start=\"1500\" data-end=\"1596\"><p data-start=\"1502\" data-end=\"1596\">Al suscribirse, usted autoriza a Road Talkz a cargar su m\u00e9todo de pago de forma recurrente.<\/p><\/li><li data-start=\"1597\" data-end=\"1718\"><p data-start=\"1599\" data-end=\"1718\">Puede cancelar su suscripci\u00f3n en cualquier momento. Las cancelaciones se har\u00e1n efectivas al final del ciclo de facturaci\u00f3n actual. <\/p><\/li><li data-start=\"1719\" data-end=\"1793\"><p data-start=\"1721\" data-end=\"1793\">No se emiten reembolsos por per\u00edodos utilizados parcialmente a menos que lo exija la ley.<\/p><\/li><\/ul><p data-start=\"1795\" data-end=\"1863\">Para flotas con m\u00e1s de 100 conductores, hay planes Enterprise personalizados disponibles.<\/p><hr data-start=\"1865\" data-end=\"1868\"><h3 data-start=\"1870\" data-end=\"1898\">4. Propiedad intelectual<\/h3><p data-start=\"1900\" data-end=\"2138\">Todo el contenido, las caracter\u00edsticas y la funcionalidad del Servicio, incluidos, entre otros, texto, software, gr\u00e1ficos y ejercicios de audio, son propiedad de Road Talkz Inc. o sus licenciantes y est\u00e1n protegidos por las leyes de derechos de autor estadounidenses e internacionales.<\/p><hr data-start=\"2140\" data-end=\"2143\"><h3 data-start=\"2145\" data-end=\"2164\">5. Contenido del usuario<\/h3><p data-start=\"2166\" data-end=\"2487\">Usted conserva la propiedad de las grabaciones de voz y dem\u00e1s contenido que cargue o genere. Al usar el Servicio, otorga a Road Talkz Inc. una licencia no exclusiva, libre de regal\u00edas y de alcance mundial para usar este contenido \u00fanicamente con el fin de proporcionar y mejorar el Servicio (por ejemplo, para evaluar la pronunciaci\u00f3n y el seguimiento del progreso). <\/p><hr data-start=\"2489\" data-end=\"2492\"><h3 data-start=\"2494\" data-end=\"2526\">6. Recopilaci\u00f3n de datos y privacidad<\/h3><p data-start=\"2528\" data-end=\"2621\">Al utilizar el Servicio, usted acepta la recopilaci\u00f3n y el uso de sus datos personales, incluidos:<\/p><ul data-start=\"2623\" data-end=\"2742\"><li data-start=\"2623\" data-end=\"2663\"><p data-start=\"2625\" data-end=\"2663\">Nombre, correo electr\u00f3nico e informaci\u00f3n de contacto<\/p><\/li><li data-start=\"2664\" data-end=\"2708\"><p data-start=\"2666\" data-end=\"2708\">Grabaciones de voz presentadas para ejercicios<\/p><\/li><li data-start=\"2709\" data-end=\"2742\"><p data-start=\"2711\" data-end=\"2742\">An\u00e1lisis de uso y datos del dispositivo<\/p><\/li><\/ul><p data-start=\"2744\" data-end=\"2921\">Utilizamos Google Analytics para mejorar nuestro servicio, OpenAI para la evaluaci\u00f3n de la pronunciaci\u00f3n y Stripe para el procesamiento de pagos. Para m\u00e1s informaci\u00f3n, consulta nuestra <a class=\"\" href=\"#\" rel=\"noopener\" data-start=\"2884\" data-end=\"2903\">Pol\u00edtica de Privacidad<\/a> . <\/p><hr data-start=\"2923\" data-end=\"2926\"><h3 data-start=\"2928\" data-end=\"2955\">7. Servicios de terceros<\/h3><p data-start=\"2957\" data-end=\"3035\">Podemos utilizar servicios de terceros que operan bajo sus propios t\u00e9rminos, incluidos:<\/p><ul data-start=\"3037\" data-end=\"3090\"><li data-start=\"3037\" data-end=\"3057\"><p data-start=\"3039\" data-end=\"3057\">Google Analytics<\/p><\/li><li data-start=\"3058\" data-end=\"3072\"><p data-start=\"3060\" data-end=\"3072\">API de OpenAI<\/p><\/li><li data-start=\"3073\" data-end=\"3090\"><p data-start=\"3075\" data-end=\"3090\">Pagos con Stripe<\/p><\/li><\/ul><p data-start=\"3092\" data-end=\"3145\">Usted acepta sus respectivos t\u00e9rminos cuando corresponda.<\/p><hr data-start=\"3147\" data-end=\"3150\"><h3 data-start=\"3152\" data-end=\"3170\">8. Terminaci\u00f3n<\/h3><p data-start=\"3172\" data-end=\"3360\">Nos reservamos el derecho de suspender o terminar su acceso al Servicio a nuestra discreci\u00f3n, sin previo aviso, si creemos que est\u00e1 violando estos T\u00e9rminos o utilizando el Servicio de manera inapropiada.<\/p><hr data-start=\"3362\" data-end=\"3365\"><h3 data-start=\"3367\" data-end=\"3411\">9. Descargos de responsabilidad y limitaci\u00f3n de responsabilidad<\/h3><p data-start=\"3413\" data-end=\"3553\">El Servicio se proporciona tal cual y seg\u00fan disponibilidad. No garantizamos la exactitud del contenido ni la disponibilidad de la plataforma. <\/p><p data-start=\"3555\" data-end=\"3713\">En la m\u00e1xima medida permitida por la ley, Road Talkz Inc. renuncia a todas las garant\u00edas y no ser\u00e1 responsable de ning\u00fan da\u00f1o que surja de su uso del Servicio.<\/p><hr data-start=\"3715\" data-end=\"3718\"><h3 data-start=\"3720\" data-end=\"3741\">10. Ley aplicable<\/h3><p data-start=\"3743\" data-end=\"3916\">Estos T\u00e9rminos se regir\u00e1n e interpretar\u00e1n de conformidad con las leyes del Estado de Delaware, Estados Unidos. Cualquier controversia se resolver\u00e1 en los tribunales de Delaware. <\/p><hr data-start=\"3918\" data-end=\"3921\"><h3 data-start=\"3923\" data-end=\"3951\">11. Cambios en los T\u00e9rminos<\/h3><p data-start=\"3953\" data-end=\"4150\">Podemos actualizar estos T\u00e9rminos ocasionalmente. Si los cambios son significativos, se lo notificaremos por correo electr\u00f3nico o a trav\u00e9s de la aplicaci\u00f3n. El uso continuado del Servicio despu\u00e9s de la entrada en vigor de los cambios constituye su aceptaci\u00f3n.  <\/p><hr data-start=\"4152\" data-end=\"4155\"><h3 data-start=\"4157\" data-end=\"4172\">12. Contacto<\/h3><p data-start=\"4174\" data-end=\"4240\">Si tiene alguna pregunta sobre estos T\u00e9rminos, comun\u00edquese con nosotros a:<\/p><p data-start=\"4242\" data-end=\"4306\">\ud83d\udce7 <strong data-start=\"4245\" data-end=\"4270\"><a class=\"cursor-pointer\" rel=\"noopener\" data-start=\"4247\" data-end=\"4268\">soporte@roadtalkz.com<\/a><\/strong><br data-start=\"4270\" data-end=\"4273\">\ud83d\udccd Road Talkz Inc., Delaware, EE. UU.<\/p><hr data-start=\"4308\" data-end=\"4311\"><p data-start=\"4313\" data-end=\"4466\" data-is-last-node=\"\" data-is-only-node=\"\"> <\/p>\t\t\t\t\t\t\t\t<\/div>\n\t\t\t\t<\/div>\n\t\t\t\t\t<\/div>\n\t\t\t\t<\/div>\n\t\t\t\t<\/div>\n\t\t","protected":false},"excerpt":{"rendered":"<p>T\u00e9rminos y condiciones Fecha de entrada en vigor: 01.06.2025 Bienvenido a Road Talkz . Estos T\u00e9rminos y Condiciones (\u201cT\u00e9rminos\u201d) rigen su acceso y uso del sitio web de Road Talkz.https:\/\/roadtalkz.com ), aplicaci\u00f3n m\u00f3vil y servicios relacionados (colectivamente, el \u201cServicio\u201d) proporcionados por Road Talkz Inc. , una empresa constituida en Delaware, EE. UU. Al acceder o [&hellip;]<\/p>\n","protected":false},"author":1,"featured_media":0,"parent":0,"menu_order":0,"comment_status":"closed","ping_status":"closed","template":"elementor_header_footer","meta":{"footnotes":""},"class_list":["post-2363","page","type-page","status-publish","hentry"],"yoast_head":"<!-- This site is optimized with the Yoast SEO plugin v27.4 - https:\/\/yoast.com\/product\/yoast-seo-wordpress\/ -->\n<title>T\u00e9rminos y condiciones - roadtalkz.com<\/title>\n<meta name=\"robots\" content=\"index, follow, max-snippet:-1, max-image-preview:large, max-video-preview:-1\" \/>\n<link rel=\"canonical\" href=\"https:\/\/roadtalkz.com\/es\/terminos-y-condiciones\/\" \/>\n<meta property=\"og:locale\" content=\"es_ES\" \/>\n<meta property=\"og:type\" content=\"article\" \/>\n<meta property=\"og:title\" content=\"T\u00e9rminos y condiciones - roadtalkz.com\" \/>\n<meta property=\"og:description\" content=\"T\u00e9rminos y condiciones Fecha de entrada en vigor: 01.06.2025 Bienvenido a Road Talkz . Estos T\u00e9rminos y Condiciones (\u201cT\u00e9rminos\u201d) rigen su acceso y uso del sitio web de Road Talkz.https:\/\/roadtalkz.com ), aplicaci\u00f3n m\u00f3vil y servicios relacionados (colectivamente, el \u201cServicio\u201d) proporcionados por Road Talkz Inc. , una empresa constituida en Delaware, EE. UU. Al acceder o [&hellip;]\" \/>\n<meta property=\"og:url\" content=\"https:\/\/roadtalkz.com\/es\/terminos-y-condiciones\/\" \/>\n<meta property=\"og:site_name\" content=\"roadtalkz.com\" \/>\n<meta property=\"article:publisher\" content=\"https:\/\/www.facebook.com\/profile.php?id=61577046800999#\" \/>\n<meta property=\"article:modified_time\" content=\"2025-06-10T12:16:45+00:00\" \/>\n<meta property=\"og:image\" content=\"https:\/\/roadtalkz.com\/wp-content\/uploads\/2025\/05\/Mockups-1.webp\" \/>\n\t<meta property=\"og:image:width\" content=\"1457\" \/>\n\t<meta property=\"og:image:height\" content=\"1590\" \/>\n\t<meta property=\"og:image:type\" content=\"image\/webp\" \/>\n<meta name=\"twitter:card\" content=\"summary_large_image\" \/>\n<meta name=\"twitter:site\" content=\"@RoadTalkz\" \/>\n<meta name=\"twitter:label1\" content=\"Tiempo de lectura\" \/>\n\t<meta name=\"twitter:data1\" content=\"4 minutos\" \/>\n<script type=\"application\/ld+json\" class=\"yoast-schema-graph\">{\"@context\":\"https:\\\/\\\/schema.org\",\"@graph\":[{\"@type\":\"WebPage\",\"@id\":\"https:\\\/\\\/roadtalkz.com\\\/es\\\/terminos-y-condiciones\\\/\",\"url\":\"https:\\\/\\\/roadtalkz.com\\\/es\\\/terminos-y-condiciones\\\/\",\"name\":\"T\u00e9rminos y condiciones - roadtalkz.com\",\"isPartOf\":{\"@id\":\"https:\\\/\\\/roadtalkz.com\\\/#website\"},\"datePublished\":\"2025-05-30T23:16:59+00:00\",\"dateModified\":\"2025-06-10T12:16:45+00:00\",\"breadcrumb\":{\"@id\":\"https:\\\/\\\/roadtalkz.com\\\/es\\\/terminos-y-condiciones\\\/#breadcrumb\"},\"inLanguage\":\"es\",\"potentialAction\":[{\"@type\":\"ReadAction\",\"target\":[\"https:\\\/\\\/roadtalkz.com\\\/es\\\/terminos-y-condiciones\\\/\"]}]},{\"@type\":\"BreadcrumbList\",\"@id\":\"https:\\\/\\\/roadtalkz.com\\\/es\\\/terminos-y-condiciones\\\/#breadcrumb\",\"itemListElement\":[{\"@type\":\"ListItem\",\"position\":1,\"name\":\"Home\",\"item\":\"https:\\\/\\\/roadtalkz.com\\\/es\\\/inicio\\\/\"},{\"@type\":\"ListItem\",\"position\":2,\"name\":\"T\u00e9rminos y condiciones\"}]},{\"@type\":\"WebSite\",\"@id\":\"https:\\\/\\\/roadtalkz.com\\\/#website\",\"url\":\"https:\\\/\\\/roadtalkz.com\\\/\",\"name\":\"roadtalkz.com\",\"description\":\"English for truck drivers in the USA\",\"publisher\":{\"@id\":\"https:\\\/\\\/roadtalkz.com\\\/#organization\"},\"alternateName\":\"road talkz\",\"potentialAction\":[{\"@type\":\"SearchAction\",\"target\":{\"@type\":\"EntryPoint\",\"urlTemplate\":\"https:\\\/\\\/roadtalkz.com\\\/?s={search_term_string}\"},\"query-input\":{\"@type\":\"PropertyValueSpecification\",\"valueRequired\":true,\"valueName\":\"search_term_string\"}}],\"inLanguage\":\"es\"},{\"@type\":\"Organization\",\"@id\":\"https:\\\/\\\/roadtalkz.com\\\/#organization\",\"name\":\"Roadtalkz LLC\",\"url\":\"https:\\\/\\\/roadtalkz.com\\\/\",\"logo\":{\"@type\":\"ImageObject\",\"inLanguage\":\"es\",\"@id\":\"https:\\\/\\\/roadtalkz.com\\\/#\\\/schema\\\/logo\\\/image\\\/\",\"url\":\"https:\\\/\\\/roadtalkz.com\\\/wp-content\\\/uploads\\\/2025\\\/05\\\/logo_icon_black.svg\",\"contentUrl\":\"https:\\\/\\\/roadtalkz.com\\\/wp-content\\\/uploads\\\/2025\\\/05\\\/logo_icon_black.svg\",\"width\":70,\"height\":73,\"caption\":\"Roadtalkz LLC\"},\"image\":{\"@id\":\"https:\\\/\\\/roadtalkz.com\\\/#\\\/schema\\\/logo\\\/image\\\/\"},\"sameAs\":[\"https:\\\/\\\/www.facebook.com\\\/profile.php?id=61577046800999#\",\"https:\\\/\\\/x.com\\\/RoadTalkz\",\"https:\\\/\\\/www.instagram.com\\\/roadtalkz\",\"https:\\\/\\\/www.linkedin.com\\\/company\\\/roadtalkz\\\/\"]}]}<\/script>\n<!-- \/ Yoast SEO plugin. -->","yoast_head_json":{"title":"T\u00e9rminos y condiciones - roadtalkz.com","robots":{"index":"index","follow":"follow","max-snippet":"max-snippet:-1","max-image-preview":"max-image-preview:large","max-video-preview":"max-video-preview:-1"},"canonical":"https:\/\/roadtalkz.com\/es\/terminos-y-condiciones\/","og_locale":"es_ES","og_type":"article","og_title":"T\u00e9rminos y condiciones - roadtalkz.com","og_description":"T\u00e9rminos y condiciones Fecha de entrada en vigor: 01.06.2025 Bienvenido a Road Talkz . Estos T\u00e9rminos y Condiciones (\u201cT\u00e9rminos\u201d) rigen su acceso y uso del sitio web de Road Talkz.https:\/\/roadtalkz.com ), aplicaci\u00f3n m\u00f3vil y servicios relacionados (colectivamente, el \u201cServicio\u201d) proporcionados por Road Talkz Inc. , una empresa constituida en Delaware, EE. UU. Al acceder o [&hellip;]","og_url":"https:\/\/roadtalkz.com\/es\/terminos-y-condiciones\/","og_site_name":"roadtalkz.com","article_publisher":"https:\/\/www.facebook.com\/profile.php?id=61577046800999#","article_modified_time":"2025-06-10T12:16:45+00:00","og_image":[{"width":1457,"height":1590,"url":"https:\/\/roadtalkz.com\/wp-content\/uploads\/2025\/05\/Mockups-1.webp","type":"image\/webp"}],"twitter_card":"summary_large_image","twitter_site":"@RoadTalkz","twitter_misc":{"Tiempo de lectura":"4 minutos"},"schema":{"@context":"https:\/\/schema.org","@graph":[{"@type":"WebPage","@id":"https:\/\/roadtalkz.com\/es\/terminos-y-condiciones\/","url":"https:\/\/roadtalkz.com\/es\/terminos-y-condiciones\/","name":"T\u00e9rminos y condiciones - roadtalkz.com","isPartOf":{"@id":"https:\/\/roadtalkz.com\/#website"},"datePublished":"2025-05-30T23:16:59+00:00","dateModified":"2025-06-10T12:16:45+00:00","breadcrumb":{"@id":"https:\/\/roadtalkz.com\/es\/terminos-y-condiciones\/#breadcrumb"},"inLanguage":"es","potentialAction":[{"@type":"ReadAction","target":["https:\/\/roadtalkz.com\/es\/terminos-y-condiciones\/"]}]},{"@type":"BreadcrumbList","@id":"https:\/\/roadtalkz.com\/es\/terminos-y-condiciones\/#breadcrumb","itemListElement":[{"@type":"ListItem","position":1,"name":"Home","item":"https:\/\/roadtalkz.com\/es\/inicio\/"},{"@type":"ListItem","position":2,"name":"T\u00e9rminos y condiciones"}]},{"@type":"WebSite","@id":"https:\/\/roadtalkz.com\/#website","url":"https:\/\/roadtalkz.com\/","name":"roadtalkz.com","description":"English for truck drivers in the USA","publisher":{"@id":"https:\/\/roadtalkz.com\/#organization"},"alternateName":"road talkz","potentialAction":[{"@type":"SearchAction","target":{"@type":"EntryPoint","urlTemplate":"https:\/\/roadtalkz.com\/?s={search_term_string}"},"query-input":{"@type":"PropertyValueSpecification","valueRequired":true,"valueName":"search_term_string"}}],"inLanguage":"es"},{"@type":"Organization","@id":"https:\/\/roadtalkz.com\/#organization","name":"Roadtalkz LLC","url":"https:\/\/roadtalkz.com\/","logo":{"@type":"ImageObject","inLanguage":"es","@id":"https:\/\/roadtalkz.com\/#\/schema\/logo\/image\/","url":"https:\/\/roadtalkz.com\/wp-content\/uploads\/2025\/05\/logo_icon_black.svg","contentUrl":"https:\/\/roadtalkz.com\/wp-content\/uploads\/2025\/05\/logo_icon_black.svg","width":70,"height":73,"caption":"Roadtalkz LLC"},"image":{"@id":"https:\/\/roadtalkz.com\/#\/schema\/logo\/image\/"},"sameAs":["https:\/\/www.facebook.com\/profile.php?id=61577046800999#","https:\/\/x.com\/RoadTalkz","https:\/\/www.instagram.com\/roadtalkz","https:\/\/www.linkedin.com\/company\/roadtalkz\/"]}]}},"_links":{"self":[{"href":"https:\/\/roadtalkz.com\/es\/wp-json\/wp\/v2\/pages\/2363","targetHints":{"allow":["GET"]}}],"collection":[{"href":"https:\/\/roadtalkz.com\/es\/wp-json\/wp\/v2\/pages"}],"about":[{"href":"https:\/\/roadtalkz.com\/es\/wp-json\/wp\/v2\/types\/page"}],"author":[{"embeddable":true,"href":"https:\/\/roadtalkz.com\/es\/wp-json\/wp\/v2\/users\/1"}],"replies":[{"embeddable":true,"href":"https:\/\/roadtalkz.com\/es\/wp-json\/wp\/v2\/comments?post=2363"}],"version-history":[{"count":1,"href":"https:\/\/roadtalkz.com\/es\/wp-json\/wp\/v2\/pages\/2363\/revisions"}],"predecessor-version":[{"id":2365,"href":"https:\/\/roadtalkz.com\/es\/wp-json\/wp\/v2\/pages\/2363\/revisions\/2365"}],"wp:attachment":[{"href":"https:\/\/roadtalkz.com\/es\/wp-json\/wp\/v2\/media?parent=2363"}],"curies":[{"name":"wp","href":"https:\/\/api.w.org\/{rel}","templated":true}]}}