{"id":2360,"date":"2025-05-30T23:16:37","date_gmt":"2025-05-30T23:16:37","guid":{"rendered":"https:\/\/roadtalkz.com\/politica-de-privacidad\/"},"modified":"2025-06-10T12:16:46","modified_gmt":"2025-06-10T12:16:46","slug":"politica-de-privacidad","status":"publish","type":"page","link":"https:\/\/roadtalkz.com\/es\/politica-de-privacidad\/","title":{"rendered":"pol\u00edtica de privacidad"},"content":{"rendered":"\t\t<div data-elementor-type=\"wp-page\" data-elementor-id=\"2360\" class=\"elementor elementor-2360 elementor-1223\" data-elementor-post-type=\"page\">\n\t\t\t\t<div class=\"elementor-element elementor-element-edfbdc1 e-flex e-con-boxed e-con e-parent\" data-id=\"edfbdc1\" data-element_type=\"container\" data-e-type=\"container\">\n\t\t\t\t\t<div class=\"e-con-inner\">\n\t\t\t\t<div class=\"elementor-element elementor-element-49c3fb4 elementor-widget elementor-widget-text-editor\" data-id=\"49c3fb4\" data-element_type=\"widget\" data-e-type=\"widget\" data-widget_type=\"text-editor.default\">\n\t\t\t\t<div class=\"elementor-widget-container\">\n\t\t\t\t\t\t\t\t\t<h2 data-start=\"183\" data-end=\"200\">pol\u00edtica de privacidad<\/h2><p data-start=\"202\" data-end=\"242\"><strong data-start=\"202\" data-end=\"221\">Fecha de entrada en vigor:<\/strong> 01.06.2025<\/p><p data-start=\"244\" data-end=\"499\">Esta Pol\u00edtica de privacidad describe c\u00f3mo <strong data-start=\"278\" data-end=\"297\">Road Talkz Inc.<\/strong> (\u201cnosotros\u201d, \u201cnuestro\u201d o \u201cnos\u201d) recopila, usa y protege su informaci\u00f3n personal cuando utiliza nuestro sitio web (<code data-start=\"402\" data-end=\"425\">https:\/\/roadtalkz.com<\/code> ), aplicaci\u00f3n m\u00f3vil y servicios relacionados (colectivamente, el \u201cServicio\u201d).<\/p><p data-start=\"501\" data-end=\"569\">Al utilizar el Servicio, usted acepta los t\u00e9rminos de esta Pol\u00edtica de privacidad.<\/p><hr data-start=\"571\" data-end=\"574\"><h3 data-start=\"576\" data-end=\"605\">1. Informaci\u00f3n que recopilamos<\/h3><p data-start=\"607\" data-end=\"662\">Recopilamos los siguientes tipos de informaci\u00f3n personal:<\/p><h4 data-start=\"664\" data-end=\"695\">a) <strong data-start=\"672\" data-end=\"695\">Informaci\u00f3n de la cuenta<\/strong><\/h4><ul data-start=\"696\" data-end=\"800\"><li data-start=\"696\" data-end=\"704\"><p data-start=\"698\" data-end=\"704\">Nombre<\/p><\/li><li data-start=\"705\" data-end=\"722\"><p data-start=\"707\" data-end=\"722\">Direcci\u00f3n de correo electr\u00f3nico<\/p><\/li><li data-start=\"723\" data-end=\"769\"><p data-start=\"725\" data-end=\"769\">Datos de contacto (n\u00famero de tel\u00e9fono si se proporciona)<\/p><\/li><li data-start=\"770\" data-end=\"800\"><p data-start=\"772\" data-end=\"800\">Detalles de la suscripci\u00f3n o del plan<\/p><\/li><\/ul><h4 data-start=\"802\" data-end=\"824\">b) <strong data-start=\"810\" data-end=\"824\">Datos de uso<\/strong><\/h4><ul data-start=\"825\" data-end=\"939\"><li data-start=\"825\" data-end=\"867\"><p data-start=\"827\" data-end=\"867\">P\u00e1ginas vistas y tiempo dedicado a la aplicaci\u00f3n<\/p><\/li><li data-start=\"868\" data-end=\"906\"><p data-start=\"870\" data-end=\"906\">Interacciones con los m\u00f3dulos de formaci\u00f3n<\/p><\/li><li data-start=\"907\" data-end=\"939\"><p data-start=\"909\" data-end=\"939\">Datos de progreso y resultados de pruebas<\/p><\/li><\/ul><h4 data-start=\"941\" data-end=\"969\">c) <strong data-start=\"949\" data-end=\"969\">Grabaciones de voz<\/strong><\/h4><ul data-start=\"970\" data-end=\"1057\"><li data-start=\"970\" data-end=\"1026\"><p data-start=\"972\" data-end=\"1026\">Archivos de audio enviados durante los ejercicios de pronunciaci\u00f3n<\/p><\/li><li data-start=\"1027\" data-end=\"1057\"><p data-start=\"1029\" data-end=\"1057\">Datos de reproducci\u00f3n y evaluaci\u00f3n<\/p><\/li><\/ul><h4 data-start=\"1059\" data-end=\"1094\">d) <strong data-start=\"1067\" data-end=\"1094\">Dispositivo e informaci\u00f3n t\u00e9cnica<\/strong><\/h4><ul data-start=\"1095\" data-end=\"1179\"><li data-start=\"1095\" data-end=\"1109\"><p data-start=\"1097\" data-end=\"1109\">Direcci\u00f3n IP<\/p><\/li><li data-start=\"1110\" data-end=\"1132\"><p data-start=\"1112\" data-end=\"1132\">Tipo de dispositivo y sistema operativo<\/p><\/li><li data-start=\"1133\" data-end=\"1148\"><p data-start=\"1135\" data-end=\"1148\">Versi\u00f3n de la aplicaci\u00f3n<\/p><\/li><li data-start=\"1149\" data-end=\"1179\"><p data-start=\"1151\" data-end=\"1179\">Tipo de navegador (para usuarios web)<\/p><\/li><\/ul><hr data-start=\"1181\" data-end=\"1184\"><h3 data-start=\"1186\" data-end=\"1220\">2. C\u00f3mo usamos su informaci\u00f3n<\/h3><p data-start=\"1222\" data-end=\"1249\">Utilizamos su informaci\u00f3n para:<\/p><ul data-start=\"1251\" data-end=\"1560\"><li data-start=\"1251\" data-end=\"1300\"><p data-start=\"1253\" data-end=\"1300\">Proporcionar, personalizar y mejorar el Servicio<\/p><\/li><li data-start=\"1301\" data-end=\"1344\"><p data-start=\"1303\" data-end=\"1344\">Realizar un seguimiento del progreso y el rendimiento del aprendizaje<\/p><\/li><li data-start=\"1345\" data-end=\"1393\"><p data-start=\"1347\" data-end=\"1393\">Proporcionar servicios y actualizaciones relacionados con la cuenta<\/p><\/li><li data-start=\"1394\" data-end=\"1450\"><p data-start=\"1396\" data-end=\"1450\">Analizar el uso y el rendimiento (a trav\u00e9s de Google Analytics)<\/p><\/li><li data-start=\"1451\" data-end=\"1484\"><p data-start=\"1453\" data-end=\"1484\">Procesar pagos (a trav\u00e9s de Stripe)<\/p><\/li><li data-start=\"1485\" data-end=\"1528\"><p data-start=\"1487\" data-end=\"1528\">Evaluar la pronunciaci\u00f3n (a trav\u00e9s de la API de OpenAI)<\/p><\/li><li data-start=\"1529\" data-end=\"1560\"><p data-start=\"1531\" data-end=\"1560\">Cumplir con las obligaciones legales<\/p><\/li><\/ul><hr data-start=\"1562\" data-end=\"1565\"><h3 data-start=\"1567\" data-end=\"1586\">3. Intercambio de datos<\/h3><p data-start=\"1588\" data-end=\"1671\"><strong data-start=\"1594\" data-end=\"1601\">No<\/strong> vendemos su informaci\u00f3n personal. Solo compartimos datos cuando es necesario con: <\/p><ul data-start=\"1673\" data-end=\"1890\"><li data-start=\"1673\" data-end=\"1717\"><p data-start=\"1675\" data-end=\"1717\"><strong data-start=\"1675\" data-end=\"1685\">Stripe<\/strong> para el procesamiento seguro de pagos<\/p><\/li><li data-start=\"1718\" data-end=\"1765\"><p data-start=\"1720\" data-end=\"1765\"><strong data-start=\"1720\" data-end=\"1730\">OpenAI<\/strong> para el an\u00e1lisis de la pronunciaci\u00f3n de voz<\/p><\/li><li data-start=\"1766\" data-end=\"1825\"><p data-start=\"1768\" data-end=\"1825\"><strong data-start=\"1768\" data-end=\"1788\">Google Analytics<\/strong> para obtener informaci\u00f3n sobre el rendimiento y el uso<\/p><\/li><li data-start=\"1826\" data-end=\"1890\"><p data-start=\"1828\" data-end=\"1890\">Servicios de correo electr\u00f3nico para la comunicaci\u00f3n con los usuarios (por ejemplo, informes de progreso)<\/p><\/li><\/ul><p data-start=\"1892\" data-end=\"1974\">Estos proveedores est\u00e1n obligados contractualmente a utilizar sus datos \u00fanicamente seg\u00fan nuestras instrucciones.<\/p><hr data-start=\"1976\" data-end=\"1979\"><h3 data-start=\"1981\" data-end=\"2011\">4. Sus derechos y opciones<\/h3><h4 data-start=\"2013\" data-end=\"2044\">a) <strong data-start=\"2021\" data-end=\"2044\">Acceso y correcci\u00f3n<\/strong><\/h4><p data-start=\"2045\" data-end=\"2122\">Puede ver o actualizar la informaci\u00f3n de su cuenta a trav\u00e9s de la aplicaci\u00f3n o contact\u00e1ndonos.<\/p><h4 data-start=\"2124\" data-end=\"2152\">b) <strong data-start=\"2132\" data-end=\"2152\">Eliminaci\u00f3n de cuenta<\/strong><\/h4><p data-start=\"2153\" data-end=\"2312\">Puede eliminar su cuenta en cualquier momento. Tras la eliminaci\u00f3n, sus datos personales y las grabaciones de voz asociadas se eliminar\u00e1n, a menos que la ley exija su conservaci\u00f3n. <\/p><h4 data-start=\"2314\" data-end=\"2343\">c) <strong data-start=\"2322\" data-end=\"2343\">Preferencias de correo electr\u00f3nico<\/strong><\/h4><p data-start=\"2344\" data-end=\"2433\">Puede optar por no recibir correos electr\u00f3nicos no esenciales utilizando el enlace para cancelar la suscripci\u00f3n o comunic\u00e1ndose con el soporte.<\/p><hr data-start=\"2435\" data-end=\"2438\"><h3 data-start=\"2440\" data-end=\"2465\">5. Privacidad de los ni\u00f1os<\/h3><p data-start=\"2467\" data-end=\"2607\">El Servicio no est\u00e1 destinado a usuarios menores de 13 a\u00f1os. No recopilamos intencionalmente datos personales de ni\u00f1os sin el consentimiento de sus padres. <\/p><hr data-start=\"2609\" data-end=\"2612\"><h3 data-start=\"2614\" data-end=\"2635\">6. Retenci\u00f3n de datos<\/h3><p data-start=\"2637\" data-end=\"2807\">Conservamos sus datos mientras su cuenta est\u00e9 activa o seg\u00fan sea necesario para prestarle el Servicio. Algunos datos podr\u00edan conservarse con fines legales, de facturaci\u00f3n o de seguridad. <\/p><hr data-start=\"2809\" data-end=\"2812\"><h3 data-start=\"2814\" data-end=\"2829\">7. Seguridad<\/h3><p data-start=\"2831\" data-end=\"3056\">Utilizamos cifrado est\u00e1ndar de la industria, almacenamiento seguro y acceso limitado para proteger su informaci\u00f3n. Sin embargo, ning\u00fan sistema puede ser 100 % seguro, por lo que le recomendamos usar contrase\u00f1as seguras y notificarnos cualquier actividad sospechosa. <\/p><hr data-start=\"3058\" data-end=\"3061\"><h3 data-start=\"3063\" data-end=\"3089\">8. Usuarios internacionales<\/h3><p data-start=\"3091\" data-end=\"3254\">Road Talkz Inc. tiene su sede en Estados Unidos. Si accede al Servicio desde fuera de EE. UU., consiente la transferencia y el procesamiento de sus datos en EE. UU. <\/p><hr data-start=\"3256\" data-end=\"3259\"><h3 data-start=\"3261\" data-end=\"3290\">9. Cambios a esta Pol\u00edtica<\/h3><p data-start=\"3292\" data-end=\"3480\">Podemos actualizar esta Pol\u00edtica de Privacidad. Le notificaremos los cambios significativos por correo electr\u00f3nico o a trav\u00e9s de la aplicaci\u00f3n. El uso continuado del Servicio despu\u00e9s de la entrada en vigor de los cambios indica su aceptaci\u00f3n.  <\/p><hr data-start=\"3482\" data-end=\"3485\"><h3 data-start=\"3487\" data-end=\"3505\">10. Cont\u00e1ctenos<\/h3><p data-start=\"3507\" data-end=\"3580\">Si tiene alguna pregunta o inquietud sobre sus datos, comun\u00edquese con nosotros:<\/p><p data-start=\"3582\" data-end=\"3646\">\ud83d\udce7 <strong data-start=\"3585\" data-end=\"3610\"><a class=\"cursor-pointer\" rel=\"noopener\" data-start=\"3587\" data-end=\"3608\">privacidad@roadtalkz.com<\/a><\/strong><br data-start=\"3610\" data-end=\"3613\">\ud83d\udccd Road Talkz Inc., Delaware, EE. UU.<\/p>\t\t\t\t\t\t\t\t<\/div>\n\t\t\t\t<\/div>\n\t\t\t\t\t<\/div>\n\t\t\t\t<\/div>\n\t\t\t\t<\/div>\n\t\t","protected":false},"excerpt":{"rendered":"<p>pol\u00edtica de privacidad Fecha de entrada en vigor: 01.06.2025 Esta Pol\u00edtica de privacidad describe c\u00f3mo Road Talkz Inc. (\u201cnosotros\u201d, \u201cnuestro\u201d o \u201cnos\u201d) recopila, usa y protege su informaci\u00f3n personal cuando utiliza nuestro sitio web (https:\/\/roadtalkz.com ), aplicaci\u00f3n m\u00f3vil y servicios relacionados (colectivamente, el \u201cServicio\u201d). Al utilizar el Servicio, usted acepta los t\u00e9rminos de esta Pol\u00edtica [&hellip;]<\/p>\n","protected":false},"author":1,"featured_media":0,"parent":0,"menu_order":0,"comment_status":"closed","ping_status":"closed","template":"elementor_header_footer","meta":{"footnotes":""},"class_list":["post-2360","page","type-page","status-publish","hentry"],"yoast_head":"<!-- This site is optimized with the Yoast SEO plugin v27.4 - https:\/\/yoast.com\/product\/yoast-seo-wordpress\/ -->\n<title>pol\u00edtica de privacidad - roadtalkz.com<\/title>\n<meta name=\"robots\" content=\"index, follow, max-snippet:-1, max-image-preview:large, max-video-preview:-1\" \/>\n<link rel=\"canonical\" href=\"https:\/\/roadtalkz.com\/es\/politica-de-privacidad\/\" \/>\n<meta property=\"og:locale\" content=\"es_ES\" \/>\n<meta property=\"og:type\" content=\"article\" \/>\n<meta property=\"og:title\" content=\"pol\u00edtica de privacidad - roadtalkz.com\" \/>\n<meta property=\"og:description\" content=\"pol\u00edtica de privacidad Fecha de entrada en vigor: 01.06.2025 Esta Pol\u00edtica de privacidad describe c\u00f3mo Road Talkz Inc. (\u201cnosotros\u201d, \u201cnuestro\u201d o \u201cnos\u201d) recopila, usa y protege su informaci\u00f3n personal cuando utiliza nuestro sitio web (https:\/\/roadtalkz.com ), aplicaci\u00f3n m\u00f3vil y servicios relacionados (colectivamente, el \u201cServicio\u201d). Al utilizar el Servicio, usted acepta los t\u00e9rminos de esta Pol\u00edtica [&hellip;]\" \/>\n<meta property=\"og:url\" content=\"https:\/\/roadtalkz.com\/es\/politica-de-privacidad\/\" \/>\n<meta property=\"og:site_name\" content=\"roadtalkz.com\" \/>\n<meta property=\"article:publisher\" content=\"https:\/\/www.facebook.com\/profile.php?id=61577046800999#\" \/>\n<meta property=\"article:modified_time\" content=\"2025-06-10T12:16:46+00:00\" \/>\n<meta property=\"og:image\" content=\"https:\/\/roadtalkz.com\/wp-content\/uploads\/2025\/05\/Mockups-1.webp\" \/>\n\t<meta property=\"og:image:width\" content=\"1457\" \/>\n\t<meta property=\"og:image:height\" content=\"1590\" \/>\n\t<meta property=\"og:image:type\" content=\"image\/webp\" \/>\n<meta name=\"twitter:card\" content=\"summary_large_image\" \/>\n<meta name=\"twitter:site\" content=\"@RoadTalkz\" \/>\n<meta name=\"twitter:label1\" content=\"Tiempo de lectura\" \/>\n\t<meta name=\"twitter:data1\" content=\"3 minutos\" \/>\n<script type=\"application\/ld+json\" class=\"yoast-schema-graph\">{\"@context\":\"https:\\\/\\\/schema.org\",\"@graph\":[{\"@type\":\"WebPage\",\"@id\":\"https:\\\/\\\/roadtalkz.com\\\/es\\\/politica-de-privacidad\\\/\",\"url\":\"https:\\\/\\\/roadtalkz.com\\\/es\\\/politica-de-privacidad\\\/\",\"name\":\"pol\u00edtica de privacidad - roadtalkz.com\",\"isPartOf\":{\"@id\":\"https:\\\/\\\/roadtalkz.com\\\/#website\"},\"datePublished\":\"2025-05-30T23:16:37+00:00\",\"dateModified\":\"2025-06-10T12:16:46+00:00\",\"breadcrumb\":{\"@id\":\"https:\\\/\\\/roadtalkz.com\\\/es\\\/politica-de-privacidad\\\/#breadcrumb\"},\"inLanguage\":\"es\",\"potentialAction\":[{\"@type\":\"ReadAction\",\"target\":[\"https:\\\/\\\/roadtalkz.com\\\/es\\\/politica-de-privacidad\\\/\"]}]},{\"@type\":\"BreadcrumbList\",\"@id\":\"https:\\\/\\\/roadtalkz.com\\\/es\\\/politica-de-privacidad\\\/#breadcrumb\",\"itemListElement\":[{\"@type\":\"ListItem\",\"position\":1,\"name\":\"Home\",\"item\":\"https:\\\/\\\/roadtalkz.com\\\/es\\\/inicio\\\/\"},{\"@type\":\"ListItem\",\"position\":2,\"name\":\"pol\u00edtica de privacidad\"}]},{\"@type\":\"WebSite\",\"@id\":\"https:\\\/\\\/roadtalkz.com\\\/#website\",\"url\":\"https:\\\/\\\/roadtalkz.com\\\/\",\"name\":\"roadtalkz.com\",\"description\":\"English for truck drivers in the USA\",\"publisher\":{\"@id\":\"https:\\\/\\\/roadtalkz.com\\\/#organization\"},\"alternateName\":\"road talkz\",\"potentialAction\":[{\"@type\":\"SearchAction\",\"target\":{\"@type\":\"EntryPoint\",\"urlTemplate\":\"https:\\\/\\\/roadtalkz.com\\\/?s={search_term_string}\"},\"query-input\":{\"@type\":\"PropertyValueSpecification\",\"valueRequired\":true,\"valueName\":\"search_term_string\"}}],\"inLanguage\":\"es\"},{\"@type\":\"Organization\",\"@id\":\"https:\\\/\\\/roadtalkz.com\\\/#organization\",\"name\":\"Roadtalkz LLC\",\"url\":\"https:\\\/\\\/roadtalkz.com\\\/\",\"logo\":{\"@type\":\"ImageObject\",\"inLanguage\":\"es\",\"@id\":\"https:\\\/\\\/roadtalkz.com\\\/#\\\/schema\\\/logo\\\/image\\\/\",\"url\":\"https:\\\/\\\/roadtalkz.com\\\/wp-content\\\/uploads\\\/2025\\\/05\\\/logo_icon_black.svg\",\"contentUrl\":\"https:\\\/\\\/roadtalkz.com\\\/wp-content\\\/uploads\\\/2025\\\/05\\\/logo_icon_black.svg\",\"width\":70,\"height\":73,\"caption\":\"Roadtalkz LLC\"},\"image\":{\"@id\":\"https:\\\/\\\/roadtalkz.com\\\/#\\\/schema\\\/logo\\\/image\\\/\"},\"sameAs\":[\"https:\\\/\\\/www.facebook.com\\\/profile.php?id=61577046800999#\",\"https:\\\/\\\/x.com\\\/RoadTalkz\",\"https:\\\/\\\/www.instagram.com\\\/roadtalkz\",\"https:\\\/\\\/www.linkedin.com\\\/company\\\/roadtalkz\\\/\"]}]}<\/script>\n<!-- \/ Yoast SEO plugin. -->","yoast_head_json":{"title":"pol\u00edtica de privacidad - roadtalkz.com","robots":{"index":"index","follow":"follow","max-snippet":"max-snippet:-1","max-image-preview":"max-image-preview:large","max-video-preview":"max-video-preview:-1"},"canonical":"https:\/\/roadtalkz.com\/es\/politica-de-privacidad\/","og_locale":"es_ES","og_type":"article","og_title":"pol\u00edtica de privacidad - roadtalkz.com","og_description":"pol\u00edtica de privacidad Fecha de entrada en vigor: 01.06.2025 Esta Pol\u00edtica de privacidad describe c\u00f3mo Road Talkz Inc. (\u201cnosotros\u201d, \u201cnuestro\u201d o \u201cnos\u201d) recopila, usa y protege su informaci\u00f3n personal cuando utiliza nuestro sitio web (https:\/\/roadtalkz.com ), aplicaci\u00f3n m\u00f3vil y servicios relacionados (colectivamente, el \u201cServicio\u201d). Al utilizar el Servicio, usted acepta los t\u00e9rminos de esta Pol\u00edtica [&hellip;]","og_url":"https:\/\/roadtalkz.com\/es\/politica-de-privacidad\/","og_site_name":"roadtalkz.com","article_publisher":"https:\/\/www.facebook.com\/profile.php?id=61577046800999#","article_modified_time":"2025-06-10T12:16:46+00:00","og_image":[{"width":1457,"height":1590,"url":"https:\/\/roadtalkz.com\/wp-content\/uploads\/2025\/05\/Mockups-1.webp","type":"image\/webp"}],"twitter_card":"summary_large_image","twitter_site":"@RoadTalkz","twitter_misc":{"Tiempo de lectura":"3 minutos"},"schema":{"@context":"https:\/\/schema.org","@graph":[{"@type":"WebPage","@id":"https:\/\/roadtalkz.com\/es\/politica-de-privacidad\/","url":"https:\/\/roadtalkz.com\/es\/politica-de-privacidad\/","name":"pol\u00edtica de privacidad - roadtalkz.com","isPartOf":{"@id":"https:\/\/roadtalkz.com\/#website"},"datePublished":"2025-05-30T23:16:37+00:00","dateModified":"2025-06-10T12:16:46+00:00","breadcrumb":{"@id":"https:\/\/roadtalkz.com\/es\/politica-de-privacidad\/#breadcrumb"},"inLanguage":"es","potentialAction":[{"@type":"ReadAction","target":["https:\/\/roadtalkz.com\/es\/politica-de-privacidad\/"]}]},{"@type":"BreadcrumbList","@id":"https:\/\/roadtalkz.com\/es\/politica-de-privacidad\/#breadcrumb","itemListElement":[{"@type":"ListItem","position":1,"name":"Home","item":"https:\/\/roadtalkz.com\/es\/inicio\/"},{"@type":"ListItem","position":2,"name":"pol\u00edtica de privacidad"}]},{"@type":"WebSite","@id":"https:\/\/roadtalkz.com\/#website","url":"https:\/\/roadtalkz.com\/","name":"roadtalkz.com","description":"English for truck drivers in the USA","publisher":{"@id":"https:\/\/roadtalkz.com\/#organization"},"alternateName":"road talkz","potentialAction":[{"@type":"SearchAction","target":{"@type":"EntryPoint","urlTemplate":"https:\/\/roadtalkz.com\/?s={search_term_string}"},"query-input":{"@type":"PropertyValueSpecification","valueRequired":true,"valueName":"search_term_string"}}],"inLanguage":"es"},{"@type":"Organization","@id":"https:\/\/roadtalkz.com\/#organization","name":"Roadtalkz LLC","url":"https:\/\/roadtalkz.com\/","logo":{"@type":"ImageObject","inLanguage":"es","@id":"https:\/\/roadtalkz.com\/#\/schema\/logo\/image\/","url":"https:\/\/roadtalkz.com\/wp-content\/uploads\/2025\/05\/logo_icon_black.svg","contentUrl":"https:\/\/roadtalkz.com\/wp-content\/uploads\/2025\/05\/logo_icon_black.svg","width":70,"height":73,"caption":"Roadtalkz LLC"},"image":{"@id":"https:\/\/roadtalkz.com\/#\/schema\/logo\/image\/"},"sameAs":["https:\/\/www.facebook.com\/profile.php?id=61577046800999#","https:\/\/x.com\/RoadTalkz","https:\/\/www.instagram.com\/roadtalkz","https:\/\/www.linkedin.com\/company\/roadtalkz\/"]}]}},"_links":{"self":[{"href":"https:\/\/roadtalkz.com\/es\/wp-json\/wp\/v2\/pages\/2360","targetHints":{"allow":["GET"]}}],"collection":[{"href":"https:\/\/roadtalkz.com\/es\/wp-json\/wp\/v2\/pages"}],"about":[{"href":"https:\/\/roadtalkz.com\/es\/wp-json\/wp\/v2\/types\/page"}],"author":[{"embeddable":true,"href":"https:\/\/roadtalkz.com\/es\/wp-json\/wp\/v2\/users\/1"}],"replies":[{"embeddable":true,"href":"https:\/\/roadtalkz.com\/es\/wp-json\/wp\/v2\/comments?post=2360"}],"version-history":[{"count":1,"href":"https:\/\/roadtalkz.com\/es\/wp-json\/wp\/v2\/pages\/2360\/revisions"}],"predecessor-version":[{"id":2362,"href":"https:\/\/roadtalkz.com\/es\/wp-json\/wp\/v2\/pages\/2360\/revisions\/2362"}],"wp:attachment":[{"href":"https:\/\/roadtalkz.com\/es\/wp-json\/wp\/v2\/media?parent=2360"}],"curies":[{"name":"wp","href":"https:\/\/api.w.org\/{rel}","templated":true}]}}