{"id":2306,"date":"2025-06-10T00:46:25","date_gmt":"2025-06-10T00:46:25","guid":{"rendered":"https:\/\/roadtalkz.com\/blog\/"},"modified":"2025-06-10T11:18:24","modified_gmt":"2025-06-10T11:18:24","slug":"blog","status":"publish","type":"page","link":"https:\/\/roadtalkz.com\/es\/blog\/","title":{"rendered":"Blog"},"content":{"rendered":"\t\t<div data-elementor-type=\"wp-page\" data-elementor-id=\"2306\" class=\"elementor elementor-2306 elementor-2228\" data-elementor-post-type=\"page\">\n\t\t\t\t<div class=\"elementor-element elementor-element-7f70d87 e-flex e-con-boxed e-con e-parent\" data-id=\"7f70d87\" data-element_type=\"container\" data-e-type=\"container\">\n\t\t\t\t\t<div class=\"e-con-inner\">\n\t\t\t\t<div class=\"elementor-element elementor-element-068b994 elementor-grid-eael-col-2 elementor-grid-tablet-eael-col-2 elementor-grid-mobile-eael-col-1 elementor-widget elementor-widget-eael-post-grid\" data-id=\"068b994\" data-element_type=\"widget\" data-e-type=\"widget\" data-settings=\"{&quot;eael_post_grid_columns&quot;:&quot;eael-col-2&quot;,&quot;eael_post_grid_columns_tablet&quot;:&quot;eael-col-2&quot;,&quot;eael_post_grid_columns_mobile&quot;:&quot;eael-col-1&quot;}\" data-widget_type=\"eael-post-grid.default\">\n\t\t\t\t<div class=\"elementor-widget-container\">\n\t\t\t\t\t<div id=\"eael-post-grid-068b994\" class=\"eael-post-grid-container\">\n            <div class=\"eael-post-grid eael-post-appender eael-post-appender-068b994 eael-post-grid-style-one\" data-layout-mode=\"masonry\"><article class=\"eael-grid-post  eael-post-grid-column eael-pg-post-2522 category-sin-categoria\" data-id=\"2522\">\n        <div class=\"eael-grid-post-holder\">\n            <div class=\"eael-grid-post-holder-inner\"><div class=\"eael-entry-media\"><div class=\"eael-entry-overlay fade-in\"><i class=\"fas fa-long-arrow-alt-right\" aria-hidden=\"true\"><\/i><a href=\"https:\/\/roadtalkz.com\/es\/la-reglamentacion-del-idioma-ingles-revoluciona-el-transporte-transfronterizo-de-camiones\/\"><\/a><\/div><div class=\"eael-entry-thumbnail eael-image-ratio\">\n                <img fetchpriority=\"high\" decoding=\"async\" width=\"768\" height=\"512\" src=\"https:\/\/roadtalkz.com\/wp-content\/uploads\/2025\/08\/20250814_1934_Truck-Inspection-at-Border_simple_compose_01k2nj8a8pejq8mw8efehtr93t-1-768x512.png\" class=\"attachment-medium_large size-medium_large wp-image-2492\" alt=\"\" srcset=\"https:\/\/roadtalkz.com\/wp-content\/uploads\/2025\/08\/20250814_1934_Truck-Inspection-at-Border_simple_compose_01k2nj8a8pejq8mw8efehtr93t-1-768x512.png 768w, https:\/\/roadtalkz.com\/wp-content\/uploads\/2025\/08\/20250814_1934_Truck-Inspection-at-Border_simple_compose_01k2nj8a8pejq8mw8efehtr93t-1-300x200.png 300w, https:\/\/roadtalkz.com\/wp-content\/uploads\/2025\/08\/20250814_1934_Truck-Inspection-at-Border_simple_compose_01k2nj8a8pejq8mw8efehtr93t-1-1024x683.png 1024w, https:\/\/roadtalkz.com\/wp-content\/uploads\/2025\/08\/20250814_1934_Truck-Inspection-at-Border_simple_compose_01k2nj8a8pejq8mw8efehtr93t-1.png 1536w\" sizes=\"(max-width: 768px) 100vw, 768px\" \/>\n            <\/div>\n        <\/div><div class=\"eael-entry-wrapper\"><header class=\"eael-entry-header\"><h2 class=\"eael-entry-title\"><a class=\"eael-grid-post-link\" href=\"https:\/\/roadtalkz.com\/es\/la-reglamentacion-del-idioma-ingles-revoluciona-el-transporte-transfronterizo-de-camiones\/\" title=\"La reglamentaci\u00f3n del idioma ingl\u00e9s revoluciona el transporte transfronterizo de camiones\">La reglamentaci\u00f3n del idioma ingl\u00e9s revoluciona el transporte transfronterizo de camiones<\/a><\/h2><\/header><div class=\"eael-entry-content\">\n                        <div class=\"eael-grid-post-excerpt\"><p>La reglamentaci\u00f3n del idioma ingl\u00e9s revoluciona el transporte transfronterizo de camiones Una reciente ofensiva contra el dominio del ingl\u00e9s por parte de los camioneros ya est\u00e1 cambiando los patrones de transporte de mercanc\u00edas, especialmente en las rutas entre Estados Unidos y M\u00e9xico. Analicemos esto en t\u00e9rminos sencillos y expliquemos qu\u00e9...<\/p><a href=\"https:\/\/roadtalkz.com\/es\/la-reglamentacion-del-idioma-ingles-revoluciona-el-transporte-transfronterizo-de-camiones\/\" class=\"eael-post-elements-readmore-btn\">Leer m\u00e1s<\/a><\/div>\n                    <\/div><\/div><\/div>\n        <\/div>\n    <\/article><article class=\"eael-grid-post  eael-post-grid-column eael-pg-post-2437 category-sin-categoria\" data-id=\"2437\">\n        <div class=\"eael-grid-post-holder\">\n            <div class=\"eael-grid-post-holder-inner\"><div class=\"eael-entry-media\"><div class=\"eael-entry-overlay fade-in\"><i class=\"fas fa-long-arrow-alt-right\" aria-hidden=\"true\"><\/i><a href=\"https:\/\/roadtalkz.com\/es\/por-que-aprender-ingles-es-importante-para-los-conductores-de-camiones-no-nativos\/\"><\/a><\/div><div class=\"eael-entry-thumbnail eael-image-ratio\">\n                <img decoding=\"async\" width=\"768\" height=\"768\" src=\"https:\/\/roadtalkz.com\/wp-content\/uploads\/2025\/08\/ChatGPT-Image-Aug-13-2025-07_38_57-PM-768x768.png\" class=\"attachment-medium_large size-medium_large wp-image-2429\" alt=\"\" srcset=\"https:\/\/roadtalkz.com\/wp-content\/uploads\/2025\/08\/ChatGPT-Image-Aug-13-2025-07_38_57-PM-768x768.png 768w, https:\/\/roadtalkz.com\/wp-content\/uploads\/2025\/08\/ChatGPT-Image-Aug-13-2025-07_38_57-PM-300x300.png 300w, https:\/\/roadtalkz.com\/wp-content\/uploads\/2025\/08\/ChatGPT-Image-Aug-13-2025-07_38_57-PM-150x150.png 150w, https:\/\/roadtalkz.com\/wp-content\/uploads\/2025\/08\/ChatGPT-Image-Aug-13-2025-07_38_57-PM.png 1024w\" sizes=\"(max-width: 768px) 100vw, 768px\" \/>\n            <\/div>\n        <\/div><div class=\"eael-entry-wrapper\"><header class=\"eael-entry-header\"><h2 class=\"eael-entry-title\"><a class=\"eael-grid-post-link\" href=\"https:\/\/roadtalkz.com\/es\/por-que-aprender-ingles-es-importante-para-los-conductores-de-camiones-no-nativos\/\" title=\"Por qu\u00e9 aprender ingl\u00e9s es importante para los conductores de camiones no nativos\">Por qu\u00e9 aprender ingl\u00e9s es importante para los conductores de camiones no nativos<\/a><\/h2><\/header><div class=\"eael-entry-content\">\n                        <div class=\"eael-grid-post-excerpt\"><p>Por qu\u00e9 es importante aprender ingl\u00e9s para los conductores de camiones no nativos La vida como camionero en EE. UU. no es f\u00e1cil, y si no eres hablante nativo de ingl\u00e9s, puede ser a\u00fan m\u00e1s dif\u00edcil. Desde inspecciones en carretera hasta hablar con el despachador, paradas para repostar y entregas,...<\/p><a href=\"https:\/\/roadtalkz.com\/es\/por-que-aprender-ingles-es-importante-para-los-conductores-de-camiones-no-nativos\/\" class=\"eael-post-elements-readmore-btn\">Leer m\u00e1s<\/a><\/div>\n                    <\/div><\/div><\/div>\n        <\/div>\n    <\/article><article class=\"eael-grid-post  eael-post-grid-column eael-pg-post-2029 category-sin-categoria\" data-id=\"2029\">\n        <div class=\"eael-grid-post-holder\">\n            <div class=\"eael-grid-post-holder-inner\"><div class=\"eael-entry-media\"><div class=\"eael-entry-overlay fade-in\"><i class=\"fas fa-long-arrow-alt-right\" aria-hidden=\"true\"><\/i><a href=\"https:\/\/roadtalkz.com\/es\/blog-2\/\"><\/a><\/div><div class=\"eael-entry-thumbnail eael-image-ratio\">\n                <img decoding=\"async\" width=\"768\" height=\"514\" src=\"https:\/\/roadtalkz.com\/wp-content\/uploads\/2025\/06\/g6b006359aa44314ea8c0d788159ba473ac19148b8421f47c9647104999e6a38f1d91f9f24a6b0c659cfb3c4d18bc174b_1280-784392-768x514.webp\" class=\"attachment-medium_large size-medium_large wp-image-1975\" alt=\"canada, trucks, truck, trucks, trucks, truck, truck, truck, truck, truck\" srcset=\"https:\/\/roadtalkz.com\/wp-content\/uploads\/2025\/06\/g6b006359aa44314ea8c0d788159ba473ac19148b8421f47c9647104999e6a38f1d91f9f24a6b0c659cfb3c4d18bc174b_1280-784392-768x514.webp 768w, https:\/\/roadtalkz.com\/wp-content\/uploads\/2025\/06\/g6b006359aa44314ea8c0d788159ba473ac19148b8421f47c9647104999e6a38f1d91f9f24a6b0c659cfb3c4d18bc174b_1280-784392-300x201.webp 300w, https:\/\/roadtalkz.com\/wp-content\/uploads\/2025\/06\/g6b006359aa44314ea8c0d788159ba473ac19148b8421f47c9647104999e6a38f1d91f9f24a6b0c659cfb3c4d18bc174b_1280-784392-1024x686.webp 1024w, https:\/\/roadtalkz.com\/wp-content\/uploads\/2025\/06\/g6b006359aa44314ea8c0d788159ba473ac19148b8421f47c9647104999e6a38f1d91f9f24a6b0c659cfb3c4d18bc174b_1280-784392.webp 1280w\" sizes=\"(max-width: 768px) 100vw, 768px\" \/>\n            <\/div>\n        <\/div><div class=\"eael-entry-wrapper\"><header class=\"eael-entry-header\"><h2 class=\"eael-entry-title\"><a class=\"eael-grid-post-link\" href=\"https:\/\/roadtalkz.com\/es\/blog-2\/\" title=\"T\u00e9rminos de transporte explicados: una gu\u00eda sencilla para conductores nuevos\">T\u00e9rminos de transporte explicados: una gu\u00eda sencilla para conductores nuevos<\/a><\/h2><\/header><div class=\"eael-entry-content\">\n                        <div class=\"eael-grid-post-excerpt\"><p>T\u00e9rminos de transporte explicados : simple y f\u00e1cil Si eres camionero, conocer el vocabulario com\u00fan es fundamental. Te ayuda a comprender tu trabajo, a comunicarte con los dem\u00e1s y a evitar confusiones. Aprender estas palabras te ayudar\u00e1 a sentirte m\u00e1s seguro y a facilitar tu trabajo. Para ayudarte, hemos creado...<\/p><a href=\"https:\/\/roadtalkz.com\/es\/blog-2\/\" class=\"eael-post-elements-readmore-btn\">Leer m\u00e1s<\/a><\/div>\n                    <\/div><\/div><\/div>\n        <\/div>\n    <\/article><article class=\"eael-grid-post  eael-post-grid-column eael-pg-post-2041 category-sin-categoria\" data-id=\"2041\">\n        <div class=\"eael-grid-post-holder\">\n            <div class=\"eael-grid-post-holder-inner\"><div class=\"eael-entry-media\"><div class=\"eael-entry-overlay fade-in\"><i class=\"fas fa-long-arrow-alt-right\" aria-hidden=\"true\"><\/i><a href=\"https:\/\/roadtalkz.com\/es\/blog-1\/\"><\/a><\/div><div class=\"eael-entry-thumbnail eael-image-ratio\">\n                <img loading=\"lazy\" decoding=\"async\" width=\"768\" height=\"1152\" src=\"https:\/\/roadtalkz.com\/wp-content\/uploads\/2025\/06\/ChatGPT-Image-Jun-9-2025-01_56_07-PM-768x1152.png\" class=\"attachment-medium_large size-medium_large wp-image-2192\" alt=\"\" srcset=\"https:\/\/roadtalkz.com\/wp-content\/uploads\/2025\/06\/ChatGPT-Image-Jun-9-2025-01_56_07-PM-768x1152.png 768w, https:\/\/roadtalkz.com\/wp-content\/uploads\/2025\/06\/ChatGPT-Image-Jun-9-2025-01_56_07-PM-200x300.png 200w, https:\/\/roadtalkz.com\/wp-content\/uploads\/2025\/06\/ChatGPT-Image-Jun-9-2025-01_56_07-PM-683x1024.png 683w, https:\/\/roadtalkz.com\/wp-content\/uploads\/2025\/06\/ChatGPT-Image-Jun-9-2025-01_56_07-PM.png 1024w\" sizes=\"(max-width: 768px) 100vw, 768px\" \/>\n            <\/div>\n        <\/div><div class=\"eael-entry-wrapper\"><header class=\"eael-entry-header\"><h2 class=\"eael-entry-title\"><a class=\"eael-grid-post-link\" href=\"https:\/\/roadtalkz.com\/es\/blog-1\/\" title=\"Nueva norma de la FMCSA en ingl\u00e9s 2025: Lo que deben saber los conductores de camiones\">Nueva norma de la FMCSA en ingl\u00e9s 2025: Lo que deben saber los conductores de camiones<\/a><\/h2><\/header><div class=\"eael-entry-content\">\n                        <div class=\"eael-grid-post-excerpt\"><p>Nueva norma de la FMCSA sobre el idioma ingl\u00e9s: Lo que los conductores de camiones deben saber A partir del 25 de junio de 2025, entrar\u00e1 en vigor una nueva norma de la Administraci\u00f3n Federal de Seguridad de Autotransportistas (FMCSA) que afectar\u00e1 a todos los conductores de camiones interestatales y...<\/p><a href=\"https:\/\/roadtalkz.com\/es\/blog-1\/\" class=\"eael-post-elements-readmore-btn\">Leer m\u00e1s<\/a><\/div>\n                    <\/div><\/div><\/div>\n        <\/div>\n    <\/article><\/div>\n            <div class=\"clearfix\"><\/div>\n        <\/div>\t\t\t\t<\/div>\n\t\t\t\t<\/div>\n\t\t\t\t\t<\/div>\n\t\t\t\t<\/div>\n\t\t\t\t<\/div>\n\t\t","protected":false},"excerpt":{"rendered":"<p>Trucking Terms Explained: A Simple Guide for New Drivers Trucking Terms Explained \u2014 Simple and Easy If you are a truck driver, knowing the common words used in trucking is very important. It helps you understand your job, talk to others, and avoid confusion. Learning these words can help you feel more confident and make [&hellip;]<\/p>\n","protected":false},"author":1,"featured_media":0,"parent":0,"menu_order":0,"comment_status":"closed","ping_status":"closed","template":"","meta":{"footnotes":""},"class_list":["post-2306","page","type-page","status-publish","hentry"],"yoast_head":"<!-- This site is optimized with the Yoast SEO plugin v27.4 - https:\/\/yoast.com\/product\/yoast-seo-wordpress\/ -->\n<title>Blog de ingl\u00e9s para camioneros | Perspectivas de RoadTalkz<\/title>\n<meta name=\"description\" content=\"Consejos, herramientas y conocimientos para ayudar a los conductores de camiones a mejorar su ingl\u00e9s, aprobar las inspecciones y cumplir con las normas, directamente desde RoadTalkz.\" \/>\n<meta name=\"robots\" content=\"index, follow, max-snippet:-1, max-image-preview:large, max-video-preview:-1\" \/>\n<link rel=\"canonical\" href=\"https:\/\/roadtalkz.com\/es\/blog\/\" \/>\n<meta property=\"og:locale\" content=\"es_ES\" \/>\n<meta property=\"og:type\" content=\"article\" \/>\n<meta property=\"og:title\" content=\"Blog de ingl\u00e9s para camioneros | Perspectivas de RoadTalkz\" \/>\n<meta property=\"og:description\" content=\"Consejos, herramientas y conocimientos para ayudar a los conductores de camiones a mejorar su ingl\u00e9s, aprobar las inspecciones y cumplir con las normas, directamente desde RoadTalkz.\" \/>\n<meta property=\"og:url\" content=\"https:\/\/roadtalkz.com\/es\/blog\/\" \/>\n<meta property=\"og:site_name\" content=\"roadtalkz.com\" \/>\n<meta property=\"article:publisher\" content=\"https:\/\/www.facebook.com\/profile.php?id=61577046800999#\" \/>\n<meta property=\"article:modified_time\" content=\"2025-06-10T11:18:24+00:00\" \/>\n<meta property=\"og:image\" content=\"https:\/\/roadtalkz.com\/wp-content\/uploads\/2025\/06\/g6b006359aa44314ea8c0d788159ba473ac19148b8421f47c9647104999e6a38f1d91f9f24a6b0c659cfb3c4d18bc174b_1280-784392.webp\" \/>\n\t<meta property=\"og:image:width\" content=\"1280\" \/>\n\t<meta property=\"og:image:height\" content=\"857\" \/>\n\t<meta property=\"og:image:type\" content=\"image\/webp\" \/>\n<meta name=\"twitter:card\" content=\"summary_large_image\" \/>\n<meta name=\"twitter:site\" content=\"@RoadTalkz\" \/>\n<meta name=\"twitter:label1\" content=\"Tiempo de lectura\" \/>\n\t<meta name=\"twitter:data1\" content=\"1 minuto\" \/>\n<script type=\"application\/ld+json\" class=\"yoast-schema-graph\">{\"@context\":\"https:\\\/\\\/schema.org\",\"@graph\":[{\"@type\":\"WebPage\",\"@id\":\"https:\\\/\\\/roadtalkz.com\\\/es\\\/blog\\\/\",\"url\":\"https:\\\/\\\/roadtalkz.com\\\/es\\\/blog\\\/\",\"name\":\"Blog de ingl\u00e9s para camioneros | Perspectivas de RoadTalkz\",\"isPartOf\":{\"@id\":\"https:\\\/\\\/roadtalkz.com\\\/#website\"},\"primaryImageOfPage\":{\"@id\":\"https:\\\/\\\/roadtalkz.com\\\/es\\\/blog\\\/#primaryimage\"},\"image\":{\"@id\":\"https:\\\/\\\/roadtalkz.com\\\/es\\\/blog\\\/#primaryimage\"},\"thumbnailUrl\":\"https:\\\/\\\/roadtalkz.com\\\/wp-content\\\/uploads\\\/2025\\\/06\\\/g6b006359aa44314ea8c0d788159ba473ac19148b8421f47c9647104999e6a38f1d91f9f24a6b0c659cfb3c4d18bc174b_1280-784392-768x514.webp\",\"datePublished\":\"2025-06-10T00:46:25+00:00\",\"dateModified\":\"2025-06-10T11:18:24+00:00\",\"description\":\"Consejos, herramientas y conocimientos para ayudar a los conductores de camiones a mejorar su ingl\u00e9s, aprobar las inspecciones y cumplir con las normas, directamente desde RoadTalkz.\",\"breadcrumb\":{\"@id\":\"https:\\\/\\\/roadtalkz.com\\\/es\\\/blog\\\/#breadcrumb\"},\"inLanguage\":\"es\",\"potentialAction\":[{\"@type\":\"ReadAction\",\"target\":[\"https:\\\/\\\/roadtalkz.com\\\/es\\\/blog\\\/\"]}]},{\"@type\":\"ImageObject\",\"inLanguage\":\"es\",\"@id\":\"https:\\\/\\\/roadtalkz.com\\\/es\\\/blog\\\/#primaryimage\",\"url\":\"https:\\\/\\\/roadtalkz.com\\\/wp-content\\\/uploads\\\/2025\\\/06\\\/g6b006359aa44314ea8c0d788159ba473ac19148b8421f47c9647104999e6a38f1d91f9f24a6b0c659cfb3c4d18bc174b_1280-784392-768x514.webp\",\"contentUrl\":\"https:\\\/\\\/roadtalkz.com\\\/wp-content\\\/uploads\\\/2025\\\/06\\\/g6b006359aa44314ea8c0d788159ba473ac19148b8421f47c9647104999e6a38f1d91f9f24a6b0c659cfb3c4d18bc174b_1280-784392-768x514.webp\"},{\"@type\":\"BreadcrumbList\",\"@id\":\"https:\\\/\\\/roadtalkz.com\\\/es\\\/blog\\\/#breadcrumb\",\"itemListElement\":[{\"@type\":\"ListItem\",\"position\":1,\"name\":\"Home\",\"item\":\"https:\\\/\\\/roadtalkz.com\\\/es\\\/inicio\\\/\"},{\"@type\":\"ListItem\",\"position\":2,\"name\":\"Blog\"}]},{\"@type\":\"WebSite\",\"@id\":\"https:\\\/\\\/roadtalkz.com\\\/#website\",\"url\":\"https:\\\/\\\/roadtalkz.com\\\/\",\"name\":\"roadtalkz.com\",\"description\":\"English for truck drivers in the USA\",\"publisher\":{\"@id\":\"https:\\\/\\\/roadtalkz.com\\\/#organization\"},\"alternateName\":\"road talkz\",\"potentialAction\":[{\"@type\":\"SearchAction\",\"target\":{\"@type\":\"EntryPoint\",\"urlTemplate\":\"https:\\\/\\\/roadtalkz.com\\\/?s={search_term_string}\"},\"query-input\":{\"@type\":\"PropertyValueSpecification\",\"valueRequired\":true,\"valueName\":\"search_term_string\"}}],\"inLanguage\":\"es\"},{\"@type\":\"Organization\",\"@id\":\"https:\\\/\\\/roadtalkz.com\\\/#organization\",\"name\":\"Roadtalkz LLC\",\"url\":\"https:\\\/\\\/roadtalkz.com\\\/\",\"logo\":{\"@type\":\"ImageObject\",\"inLanguage\":\"es\",\"@id\":\"https:\\\/\\\/roadtalkz.com\\\/#\\\/schema\\\/logo\\\/image\\\/\",\"url\":\"https:\\\/\\\/roadtalkz.com\\\/wp-content\\\/uploads\\\/2025\\\/05\\\/logo_icon_black.svg\",\"contentUrl\":\"https:\\\/\\\/roadtalkz.com\\\/wp-content\\\/uploads\\\/2025\\\/05\\\/logo_icon_black.svg\",\"width\":70,\"height\":73,\"caption\":\"Roadtalkz LLC\"},\"image\":{\"@id\":\"https:\\\/\\\/roadtalkz.com\\\/#\\\/schema\\\/logo\\\/image\\\/\"},\"sameAs\":[\"https:\\\/\\\/www.facebook.com\\\/profile.php?id=61577046800999#\",\"https:\\\/\\\/x.com\\\/RoadTalkz\",\"https:\\\/\\\/www.instagram.com\\\/roadtalkz\",\"https:\\\/\\\/www.linkedin.com\\\/company\\\/roadtalkz\\\/\"]}]}<\/script>\n<!-- \/ Yoast SEO plugin. -->","yoast_head_json":{"title":"Blog de ingl\u00e9s para camioneros | Perspectivas de RoadTalkz","description":"Consejos, herramientas y conocimientos para ayudar a los conductores de camiones a mejorar su ingl\u00e9s, aprobar las inspecciones y cumplir con las normas, directamente desde RoadTalkz.","robots":{"index":"index","follow":"follow","max-snippet":"max-snippet:-1","max-image-preview":"max-image-preview:large","max-video-preview":"max-video-preview:-1"},"canonical":"https:\/\/roadtalkz.com\/es\/blog\/","og_locale":"es_ES","og_type":"article","og_title":"Blog de ingl\u00e9s para camioneros | Perspectivas de RoadTalkz","og_description":"Consejos, herramientas y conocimientos para ayudar a los conductores de camiones a mejorar su ingl\u00e9s, aprobar las inspecciones y cumplir con las normas, directamente desde RoadTalkz.","og_url":"https:\/\/roadtalkz.com\/es\/blog\/","og_site_name":"roadtalkz.com","article_publisher":"https:\/\/www.facebook.com\/profile.php?id=61577046800999#","article_modified_time":"2025-06-10T11:18:24+00:00","og_image":[{"width":1280,"height":857,"url":"https:\/\/roadtalkz.com\/wp-content\/uploads\/2025\/06\/g6b006359aa44314ea8c0d788159ba473ac19148b8421f47c9647104999e6a38f1d91f9f24a6b0c659cfb3c4d18bc174b_1280-784392.webp","type":"image\/webp"}],"twitter_card":"summary_large_image","twitter_site":"@RoadTalkz","twitter_misc":{"Tiempo de lectura":"1 minuto"},"schema":{"@context":"https:\/\/schema.org","@graph":[{"@type":"WebPage","@id":"https:\/\/roadtalkz.com\/es\/blog\/","url":"https:\/\/roadtalkz.com\/es\/blog\/","name":"Blog de ingl\u00e9s para camioneros | Perspectivas de RoadTalkz","isPartOf":{"@id":"https:\/\/roadtalkz.com\/#website"},"primaryImageOfPage":{"@id":"https:\/\/roadtalkz.com\/es\/blog\/#primaryimage"},"image":{"@id":"https:\/\/roadtalkz.com\/es\/blog\/#primaryimage"},"thumbnailUrl":"https:\/\/roadtalkz.com\/wp-content\/uploads\/2025\/06\/g6b006359aa44314ea8c0d788159ba473ac19148b8421f47c9647104999e6a38f1d91f9f24a6b0c659cfb3c4d18bc174b_1280-784392-768x514.webp","datePublished":"2025-06-10T00:46:25+00:00","dateModified":"2025-06-10T11:18:24+00:00","description":"Consejos, herramientas y conocimientos para ayudar a los conductores de camiones a mejorar su ingl\u00e9s, aprobar las inspecciones y cumplir con las normas, directamente desde RoadTalkz.","breadcrumb":{"@id":"https:\/\/roadtalkz.com\/es\/blog\/#breadcrumb"},"inLanguage":"es","potentialAction":[{"@type":"ReadAction","target":["https:\/\/roadtalkz.com\/es\/blog\/"]}]},{"@type":"ImageObject","inLanguage":"es","@id":"https:\/\/roadtalkz.com\/es\/blog\/#primaryimage","url":"https:\/\/roadtalkz.com\/wp-content\/uploads\/2025\/06\/g6b006359aa44314ea8c0d788159ba473ac19148b8421f47c9647104999e6a38f1d91f9f24a6b0c659cfb3c4d18bc174b_1280-784392-768x514.webp","contentUrl":"https:\/\/roadtalkz.com\/wp-content\/uploads\/2025\/06\/g6b006359aa44314ea8c0d788159ba473ac19148b8421f47c9647104999e6a38f1d91f9f24a6b0c659cfb3c4d18bc174b_1280-784392-768x514.webp"},{"@type":"BreadcrumbList","@id":"https:\/\/roadtalkz.com\/es\/blog\/#breadcrumb","itemListElement":[{"@type":"ListItem","position":1,"name":"Home","item":"https:\/\/roadtalkz.com\/es\/inicio\/"},{"@type":"ListItem","position":2,"name":"Blog"}]},{"@type":"WebSite","@id":"https:\/\/roadtalkz.com\/#website","url":"https:\/\/roadtalkz.com\/","name":"roadtalkz.com","description":"English for truck drivers in the USA","publisher":{"@id":"https:\/\/roadtalkz.com\/#organization"},"alternateName":"road talkz","potentialAction":[{"@type":"SearchAction","target":{"@type":"EntryPoint","urlTemplate":"https:\/\/roadtalkz.com\/?s={search_term_string}"},"query-input":{"@type":"PropertyValueSpecification","valueRequired":true,"valueName":"search_term_string"}}],"inLanguage":"es"},{"@type":"Organization","@id":"https:\/\/roadtalkz.com\/#organization","name":"Roadtalkz LLC","url":"https:\/\/roadtalkz.com\/","logo":{"@type":"ImageObject","inLanguage":"es","@id":"https:\/\/roadtalkz.com\/#\/schema\/logo\/image\/","url":"https:\/\/roadtalkz.com\/wp-content\/uploads\/2025\/05\/logo_icon_black.svg","contentUrl":"https:\/\/roadtalkz.com\/wp-content\/uploads\/2025\/05\/logo_icon_black.svg","width":70,"height":73,"caption":"Roadtalkz LLC"},"image":{"@id":"https:\/\/roadtalkz.com\/#\/schema\/logo\/image\/"},"sameAs":["https:\/\/www.facebook.com\/profile.php?id=61577046800999#","https:\/\/x.com\/RoadTalkz","https:\/\/www.instagram.com\/roadtalkz","https:\/\/www.linkedin.com\/company\/roadtalkz\/"]}]}},"_links":{"self":[{"href":"https:\/\/roadtalkz.com\/es\/wp-json\/wp\/v2\/pages\/2306","targetHints":{"allow":["GET"]}}],"collection":[{"href":"https:\/\/roadtalkz.com\/es\/wp-json\/wp\/v2\/pages"}],"about":[{"href":"https:\/\/roadtalkz.com\/es\/wp-json\/wp\/v2\/types\/page"}],"author":[{"embeddable":true,"href":"https:\/\/roadtalkz.com\/es\/wp-json\/wp\/v2\/users\/1"}],"replies":[{"embeddable":true,"href":"https:\/\/roadtalkz.com\/es\/wp-json\/wp\/v2\/comments?post=2306"}],"version-history":[{"count":1,"href":"https:\/\/roadtalkz.com\/es\/wp-json\/wp\/v2\/pages\/2306\/revisions"}],"predecessor-version":[{"id":2308,"href":"https:\/\/roadtalkz.com\/es\/wp-json\/wp\/v2\/pages\/2306\/revisions\/2308"}],"wp:attachment":[{"href":"https:\/\/roadtalkz.com\/es\/wp-json\/wp\/v2\/media?parent=2306"}],"curies":[{"name":"wp","href":"https:\/\/api.w.org\/{rel}","templated":true}]}}